{"id":5160,"date":"2023-04-07T21:30:11","date_gmt":"2023-04-07T21:30:11","guid":{"rendered":"https:\/\/leny.april8.org\/?page_id=5160"},"modified":"2023-04-26T08:13:52","modified_gmt":"2023-04-26T08:13:52","slug":"wartung-und-pflege","status":"publish","type":"page","link":"https:\/\/www.leny.eu\/de\/wartung-und-pflege\/","title":{"rendered":"Wartung und Pflege"},"content":{"rendered":"\n<p>Alle Produkte werden mit Pflegeanweisungen geliefert, die auf das Hosenetikett auf der Innenseite der Taille gen\u00e4ht sind. Alle Produkte haben eine Anleitung, die ebenfalls am Etikett angebracht ist. Da die Produkte aus unterschiedlichen Materialien hergestellt sind, k\u00f6nnen Wartung und Pflege variieren, also pflegen Sie jedes gem\u00e4\u00df den Anweisungen auf dem Etikett oder Anh\u00e4nger.<\/p>\n\n\n\n<p><strong>Beachten Sie diese Pflegehinweise:<\/strong><\/p>\n\n\n\n<p><\/p>\n\n\n\n<ul class=\"wp-block-list\">\n<li>Produkte vor dem Waschen umdrehen (au\u00dfer Hosen aus technischen Materialien)<\/li>\n\n\n\n<li>Produkte nicht in einer zu vollen Waschmaschine waschen<\/li>\n\n\n\n<li>Fl\u00fcssiges Waschmittel verwenden (Pulver kann sich nicht vollst\u00e4ndig aufl\u00f6sen, auf dem Produkt zur\u00fcckbleiben und es besch\u00e4digen)<\/li>\n\n\n\n<li>Kleidung mit \u00e4hnlichen Farben zusammen waschen<\/li>\n\n\n\n<li>Bedruckten Teile des Produkts nicht b\u00fcgeln.<\/li>\n<\/ul>\n\n\n\n<p>Zur einfacheren Pflege wird empfohlen, die Bedeutung des Symbols zu kennen.<\/p>\n\n\n\n<div class=\"wp-block-media-text alignwide is-stacked-on-mobile\" style=\"grid-template-columns:15% auto\"><figure class=\"wp-block-media-text__media\"><img loading=\"lazy\" decoding=\"async\" width=\"500\" height=\"500\" src=\"https:\/\/www.leny.eu\/wp-content\/uploads\/2023\/04\/machine-wash_hires.png\" alt=\"\" class=\"wp-image-1216 size-full\" srcset=\"https:\/\/www.leny.eu\/wp-content\/uploads\/2023\/04\/machine-wash_hires.png 500w, https:\/\/www.leny.eu\/wp-content\/uploads\/2023\/04\/machine-wash_hires-100x100.png 100w, https:\/\/www.leny.eu\/wp-content\/uploads\/2023\/04\/machine-wash_hires-300x300.png 300w, https:\/\/www.leny.eu\/wp-content\/uploads\/2023\/04\/machine-wash_hires-150x150.png 150w, https:\/\/www.leny.eu\/wp-content\/uploads\/2023\/04\/machine-wash_hires-180x180.png 180w\" sizes=\"auto, (max-width: 500px) 100vw, 500px\" \/><\/figure><div class=\"wp-block-media-text__content\">\n<p><strong>Waschen<\/strong>: Die Sch\u00fcssel mit Wasser stellt die Waschanleitung in der Waschmaschine dar und die Zahl steht f\u00fcr die h\u00f6chste empfohlene Temperatur. Unter der Sch\u00fcssel befinden sich auch Streifen, die auf die Aggressivit\u00e4t des Waschzyklus hinweisen, wobei mehr Streifen f\u00fcr einen schonenderen Waschgang stehen.<\/p>\n<\/div><\/div>\n\n\n\n<div class=\"wp-block-media-text alignwide is-stacked-on-mobile\" style=\"grid-template-columns:15% auto\"><figure class=\"wp-block-media-text__media\"><img loading=\"lazy\" decoding=\"async\" width=\"500\" height=\"500\" src=\"https:\/\/www.leny.eu\/wp-content\/uploads\/2023\/04\/do-not-bleach_hires.png\" alt=\"\" class=\"wp-image-1221 size-full\" srcset=\"https:\/\/www.leny.eu\/wp-content\/uploads\/2023\/04\/do-not-bleach_hires.png 500w, https:\/\/www.leny.eu\/wp-content\/uploads\/2023\/04\/do-not-bleach_hires-100x100.png 100w, https:\/\/www.leny.eu\/wp-content\/uploads\/2023\/04\/do-not-bleach_hires-300x300.png 300w, https:\/\/www.leny.eu\/wp-content\/uploads\/2023\/04\/do-not-bleach_hires-150x150.png 150w, https:\/\/www.leny.eu\/wp-content\/uploads\/2023\/04\/do-not-bleach_hires-180x180.png 180w\" sizes=\"auto, (max-width: 500px) 100vw, 500px\" \/><\/figure><div class=\"wp-block-media-text__content\">\n<p><strong>Bleichen<\/strong>: Das Dreieck stellt die Anleitung zum Bleichen dar. Das Bleichen ist nur erlaubt, wenn das Dreieck keine zus\u00e4tzlichen Symbole enth\u00e4lt. Wenn das Dreieck gekreuzt wird, ist das Bleichen des Produkts nicht erlaubt.<\/p>\n\n\n\n<p><\/p>\n<\/div><\/div>\n\n\n\n<div class=\"wp-block-media-text alignwide is-stacked-on-mobile\" style=\"grid-template-columns:15% auto\"><figure class=\"wp-block-media-text__media\"><img loading=\"lazy\" decoding=\"async\" width=\"500\" height=\"500\" src=\"https:\/\/www.leny.eu\/wp-content\/uploads\/2023\/04\/tumble-dry-low-heat_hires.png\" alt=\"\" class=\"wp-image-1225 size-full\" srcset=\"https:\/\/www.leny.eu\/wp-content\/uploads\/2023\/04\/tumble-dry-low-heat_hires.png 500w, https:\/\/www.leny.eu\/wp-content\/uploads\/2023\/04\/tumble-dry-low-heat_hires-100x100.png 100w, https:\/\/www.leny.eu\/wp-content\/uploads\/2023\/04\/tumble-dry-low-heat_hires-300x300.png 300w, https:\/\/www.leny.eu\/wp-content\/uploads\/2023\/04\/tumble-dry-low-heat_hires-150x150.png 150w, https:\/\/www.leny.eu\/wp-content\/uploads\/2023\/04\/tumble-dry-low-heat_hires-180x180.png 180w\" sizes=\"auto, (max-width: 500px) 100vw, 500px\" \/><\/figure><div class=\"wp-block-media-text__content\">\n<p><strong>Trocknen im W\u00e4schetrockner<\/strong>: Der Kreis im Quadrat stellt die Trocknungsanweisungen im Trockner dar, und die Anzahl der Punkte stellt die h\u00f6chste empfohlene Temperatur dar. Ein Punkt repr\u00e4sentiert bis zu 50 \u00b0C und jeder nachfolgende Punkt repr\u00e4sentiert 20 \u00b0C. Wenn das Symbol durchgestrichen ist, ist das Trocknen im Trockner nicht erlaubt.<\/p>\n<\/div><\/div>\n\n\n\n<div class=\"wp-block-media-text alignwide is-stacked-on-mobile\" style=\"grid-template-columns:15% auto\"><figure class=\"wp-block-media-text__media\"><img loading=\"lazy\" decoding=\"async\" width=\"500\" height=\"500\" src=\"https:\/\/www.leny.eu\/wp-content\/uploads\/2023\/04\/iron-low-temperature_hires.png\" alt=\"\" class=\"wp-image-1229 size-full\" srcset=\"https:\/\/www.leny.eu\/wp-content\/uploads\/2023\/04\/iron-low-temperature_hires.png 500w, https:\/\/www.leny.eu\/wp-content\/uploads\/2023\/04\/iron-low-temperature_hires-100x100.png 100w, https:\/\/www.leny.eu\/wp-content\/uploads\/2023\/04\/iron-low-temperature_hires-300x300.png 300w, https:\/\/www.leny.eu\/wp-content\/uploads\/2023\/04\/iron-low-temperature_hires-150x150.png 150w, https:\/\/www.leny.eu\/wp-content\/uploads\/2023\/04\/iron-low-temperature_hires-180x180.png 180w\" sizes=\"auto, (max-width: 500px) 100vw, 500px\" \/><\/figure><div class=\"wp-block-media-text__content\">\n<p><strong>B\u00fcgeln<\/strong>: Das B\u00fcgeleisen stellt die B\u00fcgelanleitung und die Anzahl der Punkte die maximal empfohlene B\u00fcgeltemperatur dar. Ein Punkt steht f\u00fcr bis zu 110 \u00b0C, zwei Punkte f\u00fcr 150 \u00b0C und drei Punkte f\u00fcr 200 \u00b0C. Wenn das Symbol durchgestrichen ist, darf nicht geb\u00fcgelt werden.<\/p>\n<\/div><\/div>\n\n\n\n<div class=\"wp-block-media-text alignwide is-stacked-on-mobile\" style=\"grid-template-columns:15% auto\"><figure class=\"wp-block-media-text__media\"><img loading=\"lazy\" decoding=\"async\" width=\"500\" height=\"500\" src=\"https:\/\/www.leny.eu\/wp-content\/uploads\/2023\/04\/dryclean-with-any-solvent-except-trichloroethylene_hires.png\" alt=\"\" class=\"wp-image-1233 size-full\" srcset=\"https:\/\/www.leny.eu\/wp-content\/uploads\/2023\/04\/dryclean-with-any-solvent-except-trichloroethylene_hires.png 500w, https:\/\/www.leny.eu\/wp-content\/uploads\/2023\/04\/dryclean-with-any-solvent-except-trichloroethylene_hires-100x100.png 100w, https:\/\/www.leny.eu\/wp-content\/uploads\/2023\/04\/dryclean-with-any-solvent-except-trichloroethylene_hires-300x300.png 300w, https:\/\/www.leny.eu\/wp-content\/uploads\/2023\/04\/dryclean-with-any-solvent-except-trichloroethylene_hires-150x150.png 150w, https:\/\/www.leny.eu\/wp-content\/uploads\/2023\/04\/dryclean-with-any-solvent-except-trichloroethylene_hires-180x180.png 180w\" sizes=\"auto, (max-width: 500px) 100vw, 500px\" \/><\/figure><div class=\"wp-block-media-text__content\">\n<p><strong>Professionelle Pflege<\/strong>: Der Kreis mit zus\u00e4tzlichen Markierungen stellt die Anleitung f\u00fcr die professionelle Pflege (Trocken- und Nassreinigung) dar. Der chemische Reiniger folgt den Anweisungen im Kreis. Wenn der Kreis gekreuzt wird, bedeutet dies, dass eine chemische Reinigung nicht zul\u00e4ssig ist.<\/p>\n<\/div><\/div>\n","protected":false},"excerpt":{"rendered":"<p>Alle Produkte werden mit Pflegeanweisungen geliefert, die auf das Hosenetikett auf der Innenseite der Taille gen\u00e4ht sind. Alle Produkte haben eine Anleitung, die ebenfalls am Etikett angebracht ist. Da die Produkte aus unterschiedlichen Materialien hergestellt sind, k\u00f6nnen Wartung und Pflege variieren, also pflegen Sie jedes gem\u00e4\u00df den Anweisungen auf dem Etikett oder Anh\u00e4nger. Beachten Sie&hellip;<\/p>\n","protected":false},"author":4,"featured_media":0,"parent":0,"menu_order":0,"comment_status":"closed","ping_status":"closed","template":"","meta":{"footnotes":""},"class_list":["post-5160","page","type-page","status-publish","hentry"],"jetpack_sharing_enabled":true,"_links":{"self":[{"href":"https:\/\/www.leny.eu\/de\/wp-json\/wp\/v2\/pages\/5160","targetHints":{"allow":["GET"]}}],"collection":[{"href":"https:\/\/www.leny.eu\/de\/wp-json\/wp\/v2\/pages"}],"about":[{"href":"https:\/\/www.leny.eu\/de\/wp-json\/wp\/v2\/types\/page"}],"author":[{"embeddable":true,"href":"https:\/\/www.leny.eu\/de\/wp-json\/wp\/v2\/users\/4"}],"replies":[{"embeddable":true,"href":"https:\/\/www.leny.eu\/de\/wp-json\/wp\/v2\/comments?post=5160"}],"version-history":[{"count":1,"href":"https:\/\/www.leny.eu\/de\/wp-json\/wp\/v2\/pages\/5160\/revisions"}],"predecessor-version":[{"id":5161,"href":"https:\/\/www.leny.eu\/de\/wp-json\/wp\/v2\/pages\/5160\/revisions\/5161"}],"wp:attachment":[{"href":"https:\/\/www.leny.eu\/de\/wp-json\/wp\/v2\/media?parent=5160"}],"curies":[{"name":"wp","href":"https:\/\/api.w.org\/{rel}","templated":true}]}}