{"id":5164,"date":"2023-04-11T09:55:34","date_gmt":"2023-04-11T09:55:34","guid":{"rendered":"https:\/\/leny.april8.org\/?page_id=5164"},"modified":"2023-11-03T15:01:27","modified_gmt":"2023-11-03T15:01:27","slug":"individuelle-hosenlaenge","status":"publish","type":"page","link":"https:\/\/www.leny.eu\/de\/individuelle-hosenlaenge\/","title":{"rendered":"Individuelle Hosenl\u00e4nge"},"content":{"rendered":"\n<p>Wir haben immer die Regel befolgt, dass wir die Hosen nicht verl\u00e4ngern k\u00f6nnen, aber wir k\u00f6nnen sie immer k\u00fcrzen. Deshalb stellen wir Hosen mit verl\u00e4ngerten Hosenbeinen her und k\u00fcrzen sie auch auf die passende L\u00e4nge.<\/p>\n\n\n\n<p>Beim Kauf im Gesch\u00e4ft kann vor Ort eine Verk\u00fcrzung vereinbart werden, Sie k\u00f6nnen sie sp\u00e4ter mitbringen oder zur Verk\u00fcrzung zur\u00fcckschicken. Wenn Sie online einkaufen, geben Sie die L\u00e4nge der Hose in das entsprechende Feld ein und legen Sie das Produkt in den Warenkorb.<\/p>\n\n\n\n<p>Wie misst man die L\u00e4nge der Hose richtig?<\/p>\n\n\n\n<p>Die geeignete L\u00e4nge ist der seitliche Abstand zwischen dem oberen Teil der Taille und dem Ende des Beins. So wissen Sie, dass die L\u00e4nge stimmt.<\/p>\n\n\n\n<figure class=\"wp-block-image size-full\"><img loading=\"lazy\" decoding=\"async\" width=\"121\" height=\"281\" src=\"https:\/\/www.leny.eu\/wp-content\/uploads\/2023\/04\/leny-krajsanje-navodila.png\" alt=\"\" class=\"wp-image-1244\"\/><\/figure>\n\n\n\n<p><\/p>\n\n\n\n<div class=\"wp-block-jetpack-slideshow aligncenter\" data-effect=\"slide\"><div class=\"wp-block-jetpack-slideshow_container swiper-container\"><ul class=\"wp-block-jetpack-slideshow_swiper-wrapper swiper-wrapper\"><li class=\"wp-block-jetpack-slideshow_slide swiper-slide\"><figure><img loading=\"lazy\" decoding=\"async\" width=\"1024\" height=\"576\" alt=\"\" class=\"wp-block-jetpack-slideshow_image wp-image-8974\" data-id=\"8974\" src=\"https:\/\/www.leny.eu\/wp-content\/uploads\/2023\/11\/Moski-NEM-1024x576.png\" srcset=\"https:\/\/www.leny.eu\/wp-content\/uploads\/2023\/11\/Moski-NEM-1024x576.png 1024w, https:\/\/www.leny.eu\/wp-content\/uploads\/2023\/11\/Moski-NEM-740x416.png 740w, https:\/\/www.leny.eu\/wp-content\/uploads\/2023\/11\/Moski-NEM-300x169.png 300w, https:\/\/www.leny.eu\/wp-content\/uploads\/2023\/11\/Moski-NEM-768x432.png 768w, https:\/\/www.leny.eu\/wp-content\/uploads\/2023\/11\/Moski-NEM-20x10.png 20w\" sizes=\"(max-width: 1024px) 100vw, 1024px\" \/><\/figure><\/li><li class=\"wp-block-jetpack-slideshow_slide swiper-slide\"><figure><img loading=\"lazy\" decoding=\"async\" width=\"1920\" height=\"1080\" alt=\"\" class=\"wp-block-jetpack-slideshow_image wp-image-8978\" data-id=\"8978\" src=\"https:\/\/www.leny.eu\/wp-content\/uploads\/2023\/11\/Frau-Riga.png\" srcset=\"https:\/\/www.leny.eu\/wp-content\/uploads\/2023\/11\/Frau-Riga.png 1920w, https:\/\/www.leny.eu\/wp-content\/uploads\/2023\/11\/Frau-Riga-740x416.png 740w, https:\/\/www.leny.eu\/wp-content\/uploads\/2023\/11\/Frau-Riga-1200x675.png 1200w, https:\/\/www.leny.eu\/wp-content\/uploads\/2023\/11\/Frau-Riga-300x169.png 300w, https:\/\/www.leny.eu\/wp-content\/uploads\/2023\/11\/Frau-Riga-1024x576.png 1024w, https:\/\/www.leny.eu\/wp-content\/uploads\/2023\/11\/Frau-Riga-768x432.png 768w, https:\/\/www.leny.eu\/wp-content\/uploads\/2023\/11\/Frau-Riga-1536x864.png 1536w, https:\/\/www.leny.eu\/wp-content\/uploads\/2023\/11\/Frau-Riga-20x10.png 20w\" sizes=\"(max-width: 1920px) 100vw, 1920px\" \/><\/figure><\/li><li class=\"wp-block-jetpack-slideshow_slide swiper-slide\"><figure><img loading=\"lazy\" decoding=\"async\" width=\"1920\" height=\"803\" alt=\"\" class=\"wp-block-jetpack-slideshow_image wp-image-8984\" data-id=\"8984\" src=\"https:\/\/www.leny.eu\/wp-content\/uploads\/2023\/11\/Frau-Moskva.png\" srcset=\"https:\/\/www.leny.eu\/wp-content\/uploads\/2023\/11\/Frau-Moskva.png 1920w, https:\/\/www.leny.eu\/wp-content\/uploads\/2023\/11\/Frau-Moskva-740x309.png 740w, https:\/\/www.leny.eu\/wp-content\/uploads\/2023\/11\/Frau-Moskva-1200x502.png 1200w, https:\/\/www.leny.eu\/wp-content\/uploads\/2023\/11\/Frau-Moskva-300x125.png 300w, https:\/\/www.leny.eu\/wp-content\/uploads\/2023\/11\/Frau-Moskva-1024x428.png 1024w, https:\/\/www.leny.eu\/wp-content\/uploads\/2023\/11\/Frau-Moskva-768x321.png 768w, https:\/\/www.leny.eu\/wp-content\/uploads\/2023\/11\/Frau-Moskva-1536x642.png 1536w\" sizes=\"(max-width: 1920px) 100vw, 1920px\" \/><\/figure><\/li><li class=\"wp-block-jetpack-slideshow_slide swiper-slide\"><figure><img loading=\"lazy\" decoding=\"async\" width=\"1920\" height=\"570\" alt=\"\" class=\"wp-block-jetpack-slideshow_image wp-image-8988\" data-id=\"8988\" src=\"https:\/\/www.leny.eu\/wp-content\/uploads\/2023\/11\/Frau-Paris.png\" srcset=\"https:\/\/www.leny.eu\/wp-content\/uploads\/2023\/11\/Frau-Paris.png 1920w, https:\/\/www.leny.eu\/wp-content\/uploads\/2023\/11\/Frau-Paris-740x220.png 740w, https:\/\/www.leny.eu\/wp-content\/uploads\/2023\/11\/Frau-Paris-1200x356.png 1200w, https:\/\/www.leny.eu\/wp-content\/uploads\/2023\/11\/Frau-Paris-300x89.png 300w, https:\/\/www.leny.eu\/wp-content\/uploads\/2023\/11\/Frau-Paris-1024x304.png 1024w, https:\/\/www.leny.eu\/wp-content\/uploads\/2023\/11\/Frau-Paris-768x228.png 768w, https:\/\/www.leny.eu\/wp-content\/uploads\/2023\/11\/Frau-Paris-1536x456.png 1536w\" sizes=\"(max-width: 1920px) 100vw, 1920px\" \/><\/figure><\/li><\/ul><a class=\"wp-block-jetpack-slideshow_button-prev swiper-button-prev swiper-button-white\" role=\"button\"><\/a><a class=\"wp-block-jetpack-slideshow_button-next swiper-button-next swiper-button-white\" role=\"button\"><\/a><a aria-label=\"Pause Slideshow\" class=\"wp-block-jetpack-slideshow_button-pause\" role=\"button\"><\/a><div class=\"wp-block-jetpack-slideshow_pagination swiper-pagination swiper-pagination-white\"><\/div><\/div><\/div>\n","protected":false},"excerpt":{"rendered":"<p>Wir haben immer die Regel befolgt, dass wir die Hosen nicht verl\u00e4ngern k\u00f6nnen, aber wir k\u00f6nnen sie immer k\u00fcrzen. Deshalb stellen wir Hosen mit verl\u00e4ngerten Hosenbeinen her und k\u00fcrzen sie auch auf die passende L\u00e4nge. Beim Kauf im Gesch\u00e4ft kann vor Ort eine Verk\u00fcrzung vereinbart werden, Sie k\u00f6nnen sie sp\u00e4ter mitbringen oder zur Verk\u00fcrzung zur\u00fcckschicken.&hellip;<\/p>\n","protected":false},"author":4,"featured_media":0,"parent":0,"menu_order":0,"comment_status":"closed","ping_status":"closed","template":"","meta":{"footnotes":""},"class_list":["post-5164","page","type-page","status-publish","hentry"],"jetpack_sharing_enabled":true,"_links":{"self":[{"href":"https:\/\/www.leny.eu\/de\/wp-json\/wp\/v2\/pages\/5164","targetHints":{"allow":["GET"]}}],"collection":[{"href":"https:\/\/www.leny.eu\/de\/wp-json\/wp\/v2\/pages"}],"about":[{"href":"https:\/\/www.leny.eu\/de\/wp-json\/wp\/v2\/types\/page"}],"author":[{"embeddable":true,"href":"https:\/\/www.leny.eu\/de\/wp-json\/wp\/v2\/users\/4"}],"replies":[{"embeddable":true,"href":"https:\/\/www.leny.eu\/de\/wp-json\/wp\/v2\/comments?post=5164"}],"version-history":[{"count":3,"href":"https:\/\/www.leny.eu\/de\/wp-json\/wp\/v2\/pages\/5164\/revisions"}],"predecessor-version":[{"id":9023,"href":"https:\/\/www.leny.eu\/de\/wp-json\/wp\/v2\/pages\/5164\/revisions\/9023"}],"wp:attachment":[{"href":"https:\/\/www.leny.eu\/de\/wp-json\/wp\/v2\/media?parent=5164"}],"curies":[{"name":"wp","href":"https:\/\/api.w.org\/{rel}","templated":true}]}}