{"id":6362,"date":"2023-04-28T08:27:48","date_gmt":"2023-04-28T08:27:48","guid":{"rendered":"https:\/\/leny.april8.org\/?page_id=6362"},"modified":"2023-05-11T09:34:54","modified_gmt":"2023-05-11T09:34:54","slug":"schutz-personenbezogener-daten","status":"publish","type":"page","link":"https:\/\/www.leny.eu\/de\/schutz-personenbezogener-daten\/","title":{"rendered":"Schutz personenbezogener Daten"},"content":{"rendered":"\n<p>Indem Sie unsere E-News abonnieren, erkl\u00e4ren Sie, dass Sie die folgenden Erkl\u00e4rungen, die im Einklang mit der derzeit geltenden Gesetzgebung zum Schutz personenbezogener Daten (DSGVO und ZVPot-1) stehen, verstanden haben und ihnen zustimmen und dass Sie ihnen ausdr\u00fccklich zustimmen die Verarbeitung Ihrer personenbezogenen Daten zum Zwecke der Zusendung allgemeiner Nachrichten. Als Verantwortlicher f\u00fcr personenbezogene Daten dieser Website verpflichtet sich Gomstar doo zum verantwortungsvollen und gesetzeskonformen Umgang mit Ihren personenbezogenen Daten.<\/p>\n\n\n\n<p>Zu Ihren personenbezogenen Daten, die wir bei der Anmeldung zum Newsletter erheben, geh\u00f6ren Ihr Vorname, Ihr Nachname und Ihre E-Mail-Adresse, die wir ausschlie\u00dflich f\u00fcr den Versand des Newsletters per E-Mail verwenden. Wir werden keine anderen Kommunikationskan\u00e4le nutzen, um Sie \u00fcber Neuigkeiten zu informieren, wie z. B. SMS, Telefonanrufe oder Postadressen. Die Verarbeitung Ihrer personenbezogenen Daten erfolgt nur f\u00fcr allgemeine Nachrichtenzwecke, bis Sie Ihre Einwilligung widerrufen.<\/p>\n\n\n\n<p>Dar\u00fcber hinaus haben Sie das Recht auf Zugriff, Berichtigung, L\u00f6schung, Einschr\u00e4nkung der Verarbeitung, \u00dcbertragung und Widerspruch in Bezug auf Ihre personenbezogenen Daten, was Sie auf die gleiche Weise tun k\u00f6nnen, wie Sie Ihre Einwilligung erteilt haben. Wenn Sie der Nutzung Ihrer personenbezogenen Daten widersprechen oder sich \u00fcber deren Verarbeitung beschweren m\u00f6chten, k\u00f6nnen Sie dies per E-Mail an <a href=\"mailto:info@leny.eu\">info@leny.eu tun <\/a>.<\/p>\n\n\n\n<p>Wir verpflichten uns, Ihre personenbezogenen Daten nur im Rahmen der Information \u00fcber allgemeine Neuigkeiten per E-Mail zu verwalten und zu verarbeiten, bis Sie Ihre Einwilligung widerrufen. Jede Person kann der Verwendung ihrer personenbezogenen Daten jederzeit widersprechen, sofern sie der Verarbeitung zugestimmt hat. Wenn Sie Ihre Einwilligung widerrufen m\u00f6chten, wird Ihre E-Mail-Adresse aus der Liste der Newsletterempf\u00e4nger gel\u00f6scht.<\/p>\n\n\n\n<p>Wir sind f\u00fcr die Verwaltung und den Schutz Ihrer pers\u00f6nlichen Daten verantwortlich, daher werden wir Ihre Daten sicher und vertraulich behandeln. Ihre pers\u00f6nlichen Daten werden nicht an andere Organisationen weitergegeben.<\/p>\n","protected":false},"excerpt":{"rendered":"<p>Indem Sie unsere E-News abonnieren, erkl\u00e4ren Sie, dass Sie die folgenden Erkl\u00e4rungen, die im Einklang mit der derzeit geltenden Gesetzgebung zum Schutz personenbezogener Daten (DSGVO und ZVPot-1) stehen, verstanden haben und ihnen zustimmen und dass Sie ihnen ausdr\u00fccklich zustimmen die Verarbeitung Ihrer personenbezogenen Daten zum Zwecke der Zusendung allgemeiner Nachrichten. Als Verantwortlicher f\u00fcr personenbezogene Daten&hellip;<\/p>\n","protected":false},"author":4,"featured_media":0,"parent":0,"menu_order":0,"comment_status":"closed","ping_status":"closed","template":"","meta":{"footnotes":""},"class_list":["post-6362","page","type-page","status-publish","hentry"],"jetpack_sharing_enabled":true,"_links":{"self":[{"href":"https:\/\/www.leny.eu\/de\/wp-json\/wp\/v2\/pages\/6362","targetHints":{"allow":["GET"]}}],"collection":[{"href":"https:\/\/www.leny.eu\/de\/wp-json\/wp\/v2\/pages"}],"about":[{"href":"https:\/\/www.leny.eu\/de\/wp-json\/wp\/v2\/types\/page"}],"author":[{"embeddable":true,"href":"https:\/\/www.leny.eu\/de\/wp-json\/wp\/v2\/users\/4"}],"replies":[{"embeddable":true,"href":"https:\/\/www.leny.eu\/de\/wp-json\/wp\/v2\/comments?post=6362"}],"version-history":[{"count":1,"href":"https:\/\/www.leny.eu\/de\/wp-json\/wp\/v2\/pages\/6362\/revisions"}],"predecessor-version":[{"id":6363,"href":"https:\/\/www.leny.eu\/de\/wp-json\/wp\/v2\/pages\/6362\/revisions\/6363"}],"wp:attachment":[{"href":"https:\/\/www.leny.eu\/de\/wp-json\/wp\/v2\/media?parent=6362"}],"curies":[{"name":"wp","href":"https:\/\/api.w.org\/{rel}","templated":true}]}}