{"id":6365,"date":"2023-04-28T08:56:38","date_gmt":"2023-04-28T08:56:38","guid":{"rendered":"https:\/\/leny.april8.org\/?page_id=6365"},"modified":"2023-05-11T09:36:18","modified_gmt":"2023-05-11T09:36:18","slug":"erklaerung-zum-schutz-personenbezogener-daten","status":"publish","type":"page","link":"https:\/\/www.leny.eu\/de\/erklaerung-zum-schutz-personenbezogener-daten\/","title":{"rendered":"Erkl\u00e4rung zum Schutz personenbezogener Daten"},"content":{"rendered":"\n<p>Die Erkl\u00e4rung zum Schutz personenbezogener Daten ist ein Dokument, das beschreibt, wie das Unternehmen mit den privaten Daten seiner Kunden oder Nutzer umgeht und welche personenbezogenen Daten es erhebt, verarbeitet und wie sie gesch\u00fctzt werden. Diese Erkl\u00e4rung definiert auch, in welchen F\u00e4llen das Unternehmen diese Daten an andere Organisationen oder Dritte weitergeben darf und welche Rechte Nutzer hinsichtlich ihrer personenbezogenen Daten haben. Der Zweck der Erkl\u00e4rung zum Schutz personenbezogener Daten besteht darin, Transparenz und Vertrauen zwischen dem Unternehmen und den Nutzern sicherzustellen und sicherzustellen, dass sich die Nutzer dar\u00fcber im Klaren sind, wie ihre personenbezogenen Daten verwendet werden.<\/p>\n\n\n\n<p>Wir sind uns in unserem Online-Shop bewusst, dass die personenbezogenen Daten, die uns Nutzer zur Verf\u00fcgung stellen, sehr sensibel sind und behandeln diese daher mit besonderer Sorgfalt. Wir garantieren, dass alle pers\u00f6nlichen Daten, die Sie uns anvertrauen, vor Missbrauch, Offenlegung und unberechtigtem Zugriff gesch\u00fctzt sind und nicht an Dritte weitergegeben werden. Alle Informationen, die Sie uns anvertrauen, werden von uns vertraulich behandelt und nur f\u00fcr den Zweck verwendet, f\u00fcr den Sie sie uns zur Verf\u00fcgung gestellt haben.<\/p>\n\n\n\n<p>Wir sind uns dar\u00fcber hinaus bewusst, dass die Daten, die wir zur Lieferung der bestellten Produkte ben\u00f6tigen, zur Erf\u00fcllung unserer Verpflichtungen erforderlich sind. Daher werden wir die erforderlichen Daten dem Lieferdienst von Po\u0161ta Slovenije anvertrauen, den wir f\u00fcr die Lieferung von Bestellungen nutzen. Wir stellen dem Zustelldienst nur grundlegende Informationen zur Verf\u00fcgung, wie z. B. den Vor- und Nachnamen des Empf\u00e4ngers, die Lieferadresse sowie Telefonnummer und E-Mail-Adresse zur Benachrichtigung \u00fcber den Paketstatus.<\/p>\n\n\n\n<p><strong>Welche personenbezogenen Daten erheben, verarbeiten, speichern wir und warum?<\/strong><\/p>\n\n\n\n<p>Wir verpflichten uns, Ihre pers\u00f6nlichen Daten nur f\u00fcr die Zwecke zu verwenden, f\u00fcr die Sie sie uns zur Verf\u00fcgung gestellt haben, und stellen sicher, dass Ihre Daten sicher und vor unbefugtem Zugriff oder Missbrauch gesch\u00fctzt sind.<\/p>\n\n\n\n<p>Wir verarbeiten und speichern in unserem Unternehmen ausschlie\u00dflich die von Ihnen uns mitgeteilten und im Folgenden aufgef\u00fchrten personenbezogenen Daten, selbstverst\u00e4ndlich unter Ber\u00fccksichtigung Ihrer Einwilligung zur Verarbeitung. Als Tool zur Erfassung von Informationen \u00fcber die Nutzung unserer Website nutzen wir Google Analytics , wobei personenbezogene Daten nicht in unserem Unternehmen, sondern bei Google verarbeitet werden.<\/p>\n\n\n\n<p>Besucher unserer Website k\u00f6nnen sich f\u00fcr den Erhalt von E-News anmelden oder sich als Nutzer als Kunden registrieren. Im letzteren Fall k\u00f6nnen wir die von Ihnen zur Verf\u00fcgung gestellten personenbezogenen Daten verarbeiten und speichern, einschlie\u00dflich Ihres Vor- und Nachnamens, Ihrer Adresse, Telefonnummer, E-Mail-Adresse und anderer Informationen, die wir zur Erf\u00fcllung Ihrer Bestellung oder Erbringung von Dienstleistungen ben\u00f6tigen.<\/p>\n\n\n\n<p>Indem Sie unseren E-Newsletter abonnieren, erkl\u00e4ren Sie sich damit einverstanden, dass wir Ihnen an Ihre E-Mail-Adresse Benachrichtigungen \u00fcber neue Kollektionen, Sonderangebote und Rabatte senden, die Sie m\u00f6glicherweise interessant und n\u00fctzlich finden.<\/p>\n\n\n\n<p>Wenn Sie sich f\u00fcr unseren E-Newsletter anmelden, haben Sie zwei M\u00f6glichkeiten: indem Sie sich auf der Website f\u00fcr den E-Newsletter anmelden oder physisch in unserem Gesch\u00e4ft \u00fcber die Anmeldeformulare f\u00fcr den E-Newsletter. In diesen F\u00e4llen verarbeiten wir folgende Daten:<\/p>\n\n\n\n<ol class=\"wp-block-list\" type=\"1\" start=\"1\">\n<li>Ihr Vor- und Nachname (au\u00dfer bei Anmeldung zum E-Newsletter) \u2013 dies ist notwendig, damit wir Sie im E-Newsletter korrekt ansprechen k\u00f6nnen.<\/li>\n\n\n\n<li>Ihre E-Mail-Adresse \u2013 diese Informationen werden ben\u00f6tigt, um Ihnen E-Mail-Newsletter zu senden.<\/li>\n\n\n\n<li>IP-Adresse (mit Ausnahme der physischen Registrierung im Gesch\u00e4ft \u00fcber das Registrierungsformular) \u2013 wir erfassen diese, um einen Pr\u00fcfpfad zu erstellen und im Falle etwaiger Streitigkeiten als Beweismittel zu dienen.<\/li>\n<\/ol>\n\n\n\n<p>Zur Erbringung der von uns angebotenen Dienste erheben wir folgende personenbezogene Daten der Nutzer:<\/p>\n\n\n\n<ul class=\"wp-block-list\">\n<li>Vor- und Nachname \u2013 wir verwenden diese Informationen zur Adressierung und Ausstellung von Rechnungen.<\/li>\n\n\n\n<li>Lieferadresse \u2013 diese Informationen werden f\u00fcr die Rechnungsstellung und Lieferung bestellter Produkte ben\u00f6tigt.<\/li>\n\n\n\n<li>Kontakttelefonnummer \u2013 wir erfassen sie, um Benutzer \u00fcber die Bestellung und nicht vorr\u00e4tige Produkte zu informieren sowie f\u00fcr Beratung und Bestellbest\u00e4tigung.<\/li>\n\n\n\n<li>E-Mail-Adresse \u2013 wir verwenden diese Informationen, um Ihnen eine Bestell\u00fcbersicht zu senden, Sie \u00fcber Ihre Bestellung und nicht vorr\u00e4tige Produkte zu informieren und um Bestellungen zu beraten und zu \u00fcberpr\u00fcfen.<\/li>\n\n\n\n<li>Verschl\u00fcsseltes Passwort \u2013 wir sammeln diese Informationen, wenn der Benutzer sein Passwort vergisst.<\/li>\n\n\n\n<li>Sonstige Daten, die der Nutzer freiwillig in die Formulare auf der Website eingibt (z. B. etwaige Notizen bei der Abgabe einer Bestellung, Nachrichten bei der \u00dcbermittlung eines Kontaktformulars).<\/li>\n<\/ul>\n\n\n\n<p>Wir \u00fcbernehmen keine Gew\u00e4hr f\u00fcr die Richtigkeit, Vollst\u00e4ndigkeit und Aktualit\u00e4t der vom Nutzer eingegebenen personenbezogenen Daten. Der Nutzer ist selbst f\u00fcr die Sicherheit seines Benutzernamens und Passworts sowie f\u00fcr den Schutz seiner pers\u00f6nlichen Daten verantwortlich.<\/p>\n\n\n\n<p>Benutzer haben das Recht, ihre pers\u00f6nlichen Daten einzusehen oder zu korrigieren. Alle Daten, die wir \u00fcber den Benutzer speichern, sind in seinem Profil einsehbar, wo er sie auch korrigieren kann. Wenn Benutzer \u00e4ndern m\u00f6chten oder Wenn Sie Ihre pers\u00f6nlichen Daten korrigieren m\u00f6chten, k\u00f6nnen Sie diese auch an die E-Mail-Adresse <a href=\"mailto:info@leny.eu\">info@leny.eu <\/a>senden . Nutzer haben au\u00dferdem das Recht auf Portabilit\u00e4t ihrer Daten, was bedeutet, dass der Verantwortliche die Daten in einem strukturierten und maschinenlesbaren Format bereitstellen muss.<\/p>\n\n\n\n<p>Die personenbezogenen Daten werden so lange gespeichert, bis Sie sich vom Erhalt der E-News abmelden. Sie k\u00f6nnen den Erhalt von Newslettern jederzeit abbestellen, indem Sie unten in den erhaltenen E-News auf \u201eAbbestellen\u201c klicken oder uns eine Mitteilung mit dem Titel \u201e <strong>ABTEILEN \u201c an <\/strong><a href=\"mailto:info@leny.eu\">info@leny.eu senden <\/a>. Wenn Sie Nutzer sind und schon einmal eine Bestellung im Online-Shop aufgegeben haben, k\u00f6nnen Sie die L\u00f6schung Ihrer Daten verlangen, unabh\u00e4ngig davon, ob Sie E-News erhalten oder nicht. Wenn Sie weitere Fragen haben oder Kl\u00e4rungsbedarf haben, stehen wir Ihnen unter <a href=\"mailto:info@leny.eu\">info@leny.eu zur Verf\u00fcgung <\/a>.<\/p>\n","protected":false},"excerpt":{"rendered":"<p>Die Erkl\u00e4rung zum Schutz personenbezogener Daten ist ein Dokument, das beschreibt, wie das Unternehmen mit den privaten Daten seiner Kunden oder Nutzer umgeht und welche personenbezogenen Daten es erhebt, verarbeitet und wie sie gesch\u00fctzt werden. Diese Erkl\u00e4rung definiert auch, in welchen F\u00e4llen das Unternehmen diese Daten an andere Organisationen oder Dritte weitergeben darf und welche&hellip;<\/p>\n","protected":false},"author":4,"featured_media":0,"parent":0,"menu_order":0,"comment_status":"closed","ping_status":"closed","template":"","meta":{"footnotes":""},"class_list":["post-6365","page","type-page","status-publish","hentry"],"jetpack_sharing_enabled":true,"_links":{"self":[{"href":"https:\/\/www.leny.eu\/de\/wp-json\/wp\/v2\/pages\/6365","targetHints":{"allow":["GET"]}}],"collection":[{"href":"https:\/\/www.leny.eu\/de\/wp-json\/wp\/v2\/pages"}],"about":[{"href":"https:\/\/www.leny.eu\/de\/wp-json\/wp\/v2\/types\/page"}],"author":[{"embeddable":true,"href":"https:\/\/www.leny.eu\/de\/wp-json\/wp\/v2\/users\/4"}],"replies":[{"embeddable":true,"href":"https:\/\/www.leny.eu\/de\/wp-json\/wp\/v2\/comments?post=6365"}],"version-history":[{"count":1,"href":"https:\/\/www.leny.eu\/de\/wp-json\/wp\/v2\/pages\/6365\/revisions"}],"predecessor-version":[{"id":6366,"href":"https:\/\/www.leny.eu\/de\/wp-json\/wp\/v2\/pages\/6365\/revisions\/6366"}],"wp:attachment":[{"href":"https:\/\/www.leny.eu\/de\/wp-json\/wp\/v2\/media?parent=6365"}],"curies":[{"name":"wp","href":"https:\/\/api.w.org\/{rel}","templated":true}]}}