{"id":6646,"date":"2023-05-28T16:56:25","date_gmt":"2023-05-28T16:56:25","guid":{"rendered":"https:\/\/www.leny.eu\/?page_id=6646"},"modified":"2023-05-28T17:08:41","modified_gmt":"2023-05-28T17:08:41","slug":"cookie-hinweise","status":"publish","type":"page","link":"https:\/\/www.leny.eu\/de\/cookie-hinweise\/","title":{"rendered":"Cookie-Hinweise"},"content":{"rendered":"\n<p><\/p>\n\n\n\n<p>Unser Ziel ist es, den Besuchern unserer Website stets aktuelle und relevante Informationen bereitzustellen, die f\u00fcr sie wichtig sind. Durch die Analyse ihrer Interessen und Suchanfragen auf unserer Website k\u00f6nnen wir relevante Inhalte anbieten. Wir geben die erfassten Daten jedoch niemals an Dritte weiter und erfassen die Besucher nicht als Einzelpersonen, sondern ausschlie\u00dflich anonym.<\/p>\n\n\n\n<p><strong>Was sind Cookies?<\/strong><strong><\/strong><\/p>\n\n\n\n<p>Cookies sind kleine Dateien, die auf Ihrem Computer gespeichert werden, wenn Sie eine Website besuchen. Mit Hilfe von Cookies k\u00f6nnen Ihre sp\u00e4teren Besuche auf der Website reibungsloser verlaufen. In den Einstellungen Ihres Browsers k\u00f6nnen Sie festlegen, ob Sie Cookies akzeptieren m\u00f6chten oder nicht. Wenn Sie diese nicht akzeptieren, kann es vorkommen, dass einige Websites nicht ordnungsgem\u00e4\u00df funktionieren oder Ihnen nicht alle Informationen und Funktionen zur Verf\u00fcgung stehen. Das Akzeptieren von Cookies ist jedoch keine Voraussetzung f\u00fcr die Nutzung der Website. Wir geben Ihre Entscheidung, Cookies zu akzeptieren, nicht an Dritte weiter.<\/p>\n\n\n\n<p><strong>Arten von Cookies<\/strong><strong><\/strong><\/p>\n\n\n\n<p><strong>Notwendige Cookies<br><\/strong>Notwendige Cookies sind f\u00fcr die Grundfunktionen der Website unerl\u00e4sslich und die Website wird ohne sie nicht wie vorgesehen funktionieren. Diese Cookies speichern keine personenbezogenen Daten.<\/p>\n\n\n\n<p><strong>Analytische Cookies<br><\/strong>Analytische Cookies werden verwendet, um die Interaktion der Besucher mit der Website zu verstehen. Diese Cookies helfen dabei, Informationen zur Messung der Besucherzahl, der Absprungrate, der Verkehrsquelle usw. bereitzustellen.<\/p>\n\n\n\n<p><strong>Funktionalit\u00e4ts-Cookies<\/strong><br>Funktionalit\u00e4ts-Cookies helfen bei der Implementierung bestimmter Funktionalit\u00e4ten wie dem Teilen von Website-Inhalten auf Social-Media-Plattformen, dem Sammeln von Feedback und anderen Funktionen von Drittanbietern.<\/p>\n\n\n\n<p><strong>Werbe-Cookies<\/strong><br>Werbe-Cookies werden verwendet, um Besuchern personalisierte Werbung basierend auf den zuvor besuchten Seiten anzuzeigen und die Wirksamkeit der Werbekampagne zu analysieren.<\/p>\n\n\n\n<p><strong>Nicht kategorisierte Cookies<\/strong><br>Andere nicht kategorisierte Cookies sind solche, die analysiert werden und noch nicht kategorisiert wurden.<\/p>\n\n\n\n<p><strong>Warum sind Cookies notwendig?<\/strong><strong><\/strong><\/p>\n\n\n\n<p>Die meisten Websites verwenden Cookies, da sie eine bequeme M\u00f6glichkeit bieten, relevante und personalisierte Inhalte bereitzustellen, die den Interessen und Vorlieben der Benutzer entsprechen. Dar\u00fcber hinaus erm\u00f6glichen Cookies die Erfassung statistischer Daten zu Website-Besuchen, die es Administratoren erm\u00f6glichen, die Wirksamkeit des Designs ihrer Websites sowie die Angemessenheit der Art und Anzahl der Werbeanzeigen zu beurteilen, die sie den Benutzern auf ihren Websites anbieten.<\/p>\n\n\n\n<p><strong>Liste der Cookies<\/strong><strong><\/strong><\/p>\n\n\n\n<figure class=\"wp-block-table\"><table><tbody><tr><td>Art des Cookies<\/td><td>Name des Cookies<\/td><td>Dauer<\/td><td>Beschreibung<\/td><\/tr><tr><td>Erforderlich<\/td><td>PH_HPXY_CHECK<\/td><td>Sitzung<\/td><td>Dieses Cookie wird verwendet, um die Informationen \u00fcber die aktuelle Sitzung zu speichern.<\/td><\/tr><tr><td>Erforderlich<\/td><td>__ stripe_mid<\/td><td>1 Jahr<\/td><td>Stripe setzt dieses Cookie zur Zahlungsabwicklung.<\/td><\/tr><tr><td>Erforderlich<\/td><td>__ stripe_sid<\/td><td>30 Minuten<\/td><td>Stripe setzt dieses Cookie zur Zahlungsabwicklung.<\/td><\/tr><tr><td>Erforderlich<\/td><td>woocommerce_items_in_cart<\/td><td>Sitzung<\/td><td>WooCommerce setzt dieses Cookie, um zu erfassen, ob sich Artikel im WooCommerce-Warenkorb befinden.<\/td><\/tr><tr><td>Erforderlich<\/td><td>woocommerce_cart_hash<\/td><td>Sitzung<\/td><td>WooCommerce setzt dieses Cookie, um festzustellen, wann sich der Inhalt\/die Daten des Warenkorbs \u00e4ndert.<\/td><\/tr><tr><td>Funktional<\/td><td>wp- wpml_current_sprache<\/td><td>Sitzung<\/td><td>Das mehrsprachige WordPress-Plugin setzt dieses Cookie, um die aktuelle Sprache\/Spracheinstellungen zu speichern.<\/td><\/tr><tr><td>Analytisch<\/td><td>ga_*<\/td><td>1 Jahr 1 Monat 4 Tage<\/td><td>Google Analytics setzt dieses Cookie, um Seitenaufrufe zu speichern und zu z\u00e4hlen.<\/td><\/tr><tr><td>Analytisch<\/td><td>_ga<\/td><td>1 Jahr 1 Monat 4 Tage<\/td><td>Google Analytics setzt dieses Cookie, um Besucher-, Sitzungs- und Kampagnendaten zu berechnen und die Nutzung der Website f\u00fcr den Analysebericht der Website zu verfolgen. Das Cookie speichert Informationen anonym und weist eine zuf\u00e4llig generierte Nummer zu, um eindeutige Besucher zu erkennen.<\/td><\/tr><tr><td>Nicht kategorisiert<\/td><td>M<\/td><td>1 Jahr 1 Monat 4 Tage<\/td><td>Keine Beschreibung verf\u00fcgbar.<\/td><\/tr><tr><td>Nicht kategorisiert &nbsp;<\/td><td>wp_woocommerce_session_6358f522dc5edadf2dcc11fe914b9052<\/td><td>2 Tage<\/td><td><img loading=\"lazy\" decoding=\"async\" width=\"32\" height=\"33\" src=\"\" alt=\"edit\">Beschreibung ist derzeit nicht verf\u00fcgbar.<\/td><\/tr><\/tbody><\/table><\/figure>\n","protected":false},"excerpt":{"rendered":"<p>Unser Ziel ist es, den Besuchern unserer Website stets aktuelle und relevante Informationen bereitzustellen, die f\u00fcr sie wichtig sind. Durch die Analyse ihrer Interessen und Suchanfragen auf unserer Website k\u00f6nnen wir relevante Inhalte anbieten. Wir geben die erfassten Daten jedoch niemals an Dritte weiter und erfassen die Besucher nicht als Einzelpersonen, sondern ausschlie\u00dflich anonym. Was&hellip;<\/p>\n","protected":false},"author":4,"featured_media":0,"parent":0,"menu_order":0,"comment_status":"closed","ping_status":"closed","template":"","meta":{"footnotes":""},"class_list":["post-6646","page","type-page","status-publish","hentry"],"jetpack_sharing_enabled":true,"_links":{"self":[{"href":"https:\/\/www.leny.eu\/de\/wp-json\/wp\/v2\/pages\/6646","targetHints":{"allow":["GET"]}}],"collection":[{"href":"https:\/\/www.leny.eu\/de\/wp-json\/wp\/v2\/pages"}],"about":[{"href":"https:\/\/www.leny.eu\/de\/wp-json\/wp\/v2\/types\/page"}],"author":[{"embeddable":true,"href":"https:\/\/www.leny.eu\/de\/wp-json\/wp\/v2\/users\/4"}],"replies":[{"embeddable":true,"href":"https:\/\/www.leny.eu\/de\/wp-json\/wp\/v2\/comments?post=6646"}],"version-history":[{"count":2,"href":"https:\/\/www.leny.eu\/de\/wp-json\/wp\/v2\/pages\/6646\/revisions"}],"predecessor-version":[{"id":6651,"href":"https:\/\/www.leny.eu\/de\/wp-json\/wp\/v2\/pages\/6646\/revisions\/6651"}],"wp:attachment":[{"href":"https:\/\/www.leny.eu\/de\/wp-json\/wp\/v2\/media?parent=6646"}],"curies":[{"name":"wp","href":"https:\/\/api.w.org\/{rel}","templated":true}]}}