{"id":7444,"date":"2023-07-10T14:18:36","date_gmt":"2023-07-10T14:18:36","guid":{"rendered":"https:\/\/www.leny.eu\/product\/jure\/"},"modified":"2025-01-23T09:28:57","modified_gmt":"2025-01-23T09:28:57","slug":"jure-2","status":"publish","type":"product","link":"https:\/\/www.leny.eu\/de\/produkt\/jure-2\/","title":{"rendered":"JURE"},"content":{"rendered":"<p><strong>K\u00f6rpertyp<\/strong>: alle<\/p>\n<p><strong>Merkmale:<\/strong><\/p>\n<ul>\n<li>Weiche Stretch-Jeans, andere Materialien mit Elasthananteil<\/li>\n<li>Ein klassischer Schnitt mit erh\u00f6hter Taille sorgt daf\u00fcr, dass Ihre Hose auch bei Bewegung an ihrem Platz bleibt<\/li>\n<li>Gerade Hosenbeine, breiter in den Oberschenkeln<\/li>\n<\/ul>\n<p><strong>Weitere Details:<\/strong><\/p>\n<ul>\n<li>5 Taschen<\/li>\n<li>Aluminiumnieten<\/li>\n<li>YKK-Rei\u00dfverschluss<\/li>\n<\/ul>\n<p><strong>Material und Pflege:<\/strong><\/p>\n<ul>\n<li>Zusammensetzung: 98% Baumwolle und 2% Elastan (die Zusammensetzung kann variieren, bitte entnehmen Sie die genaue Zusammensetzung dem Etikett der Hose)<\/li>\n<li>Bei 30 \u00b0C waschen (Pflegehinweise sind auf das Hosenetikett gen\u00e4ht)<\/li>\n<li>Die tats\u00e4chliche Farbe des Produkts kann geringf\u00fcgig von der Produktabbildung abweichen.<\/li>\n<\/ul>\n<p>&nbsp;<\/p>\n<p><strong>Abmessungen:  <\/strong><\/p>\n<p>Die Standardma\u00dfe der Leny-Hosen k\u00f6nnen Sie der unten stehenden Tabelle entnehmen. Um die ideale Hose zu kaufen, empfehlen wir Ihnen, die Ma\u00dfe Ihrer Lieblingshose zu messen und Ihre Ma\u00dfe in der Tabelle zu finden. So k\u00f6nnen Sie sicher sein, den perfekten Lenyski f\u00fcr Sie zu kaufen!<\/p>\n<blockquote class=\"wp-embedded-content\" data-secret=\"S0D2AKk3UY\"><p><a href=\"https:\/\/www.leny.eu\/de\/individuelle-hosenlaenge\/\">Hla\u010de po meri<\/a><\/p><\/blockquote>\n<p><iframe loading=\"lazy\" class=\"wp-embedded-content\" sandbox=\"allow-scripts\" security=\"restricted\" style=\"position: absolute; visibility: hidden;\" title=\"&#8222;Hla\u010de po meri&#8220; &#8212; Leny\" src=\"https:\/\/www.leny.eu\/de\/individuelle-hosenlaenge\/embed\/#?secret=BaUA0Vanf4#?secret=S0D2AKk3UY\" data-secret=\"S0D2AKk3UY\" width=\"600\" height=\"338\" frameborder=\"0\" marginwidth=\"0\" marginheight=\"0\" scrolling=\"no\"><\/iframe><\/p>\n<p>&nbsp;<\/p>\n","protected":false},"excerpt":{"rendered":"<p>Entdecken Sie das meistverkaufte Hosenmodell <strong>Jure.<\/strong><\/p>\n<p>Wenn Sie auf zeitlose Klassiker stehen, aber etwas Modernes wollen, ist diese Hose die richtige Wahl f\u00fcr Sie.<\/p>\n<p>Sie wurde mit Blick auf Ihren Komfort entworfen: Ein mittelhoher Bund mit einer hinteren Erh\u00f6hung sorgt daf\u00fcr, dass die Hose an Ort und Stelle bleibt, auch wenn Sie sie umschlagen. Hose mit geradem Bein f\u00fcr Komfort beim Gehen, Autofahren, bei der Arbeit im Feld oder im B\u00fcro.<\/p>\n<p>Die Kombination aus Eleganz und Langlebigkeit, die das Material bietet, ist perfekt f\u00fcr alle, die Qualit\u00e4t und Stil sch\u00e4tzen. Jedes Detail wurde sorgf\u00e4ltig durchdacht, damit Sie sich in dieser Hose sicher und modisch f\u00fchlen.<\/p>\n<p>Im Shop finden Sie eine gr\u00f6\u00dfere Auswahl an Materialien und Farben als die auf dieser Seite gezeigten.<\/p>\n","protected":false},"featured_media":9054,"comment_status":"open","ping_status":"closed","template":"","meta":[],"product_brand":[],"product_cat":[195],"product_tag":[],"class_list":{"0":"post-7444","1":"product","2":"type-product","3":"status-publish","4":"has-post-thumbnail","6":"product_cat-herrenhosen","8":"first","9":"instock","10":"taxable","11":"shipping-taxable","12":"purchasable","13":"product-type-variable"},"jetpack_sharing_enabled":true,"_links":{"self":[{"href":"https:\/\/www.leny.eu\/de\/wp-json\/wp\/v2\/product\/7444","targetHints":{"allow":["GET"]}}],"collection":[{"href":"https:\/\/www.leny.eu\/de\/wp-json\/wp\/v2\/product"}],"about":[{"href":"https:\/\/www.leny.eu\/de\/wp-json\/wp\/v2\/types\/product"}],"replies":[{"embeddable":true,"href":"https:\/\/www.leny.eu\/de\/wp-json\/wp\/v2\/comments?post=7444"}],"wp:featuredmedia":[{"embeddable":true,"href":"https:\/\/www.leny.eu\/de\/wp-json\/wp\/v2\/media\/9054"}],"wp:attachment":[{"href":"https:\/\/www.leny.eu\/de\/wp-json\/wp\/v2\/media?parent=7444"}],"wp:term":[{"taxonomy":"product_brand","embeddable":true,"href":"https:\/\/www.leny.eu\/de\/wp-json\/wp\/v2\/product_brand?post=7444"},{"taxonomy":"product_cat","embeddable":true,"href":"https:\/\/www.leny.eu\/de\/wp-json\/wp\/v2\/product_cat?post=7444"},{"taxonomy":"product_tag","embeddable":true,"href":"https:\/\/www.leny.eu\/de\/wp-json\/wp\/v2\/product_tag?post=7444"}],"curies":[{"name":"wp","href":"https:\/\/api.w.org\/{rel}","templated":true}]}}