{"id":5128,"date":"2023-04-07T21:30:11","date_gmt":"2023-04-07T21:30:11","guid":{"rendered":"https:\/\/leny.april8.org\/?page_id=5128"},"modified":"2023-04-25T11:50:51","modified_gmt":"2023-04-25T11:50:51","slug":"odrzavanje-i-njega","status":"publish","type":"page","link":"https:\/\/www.leny.eu\/hr\/odrzavanje-i-njega\/","title":{"rendered":"Odr\u017eavanje i njega"},"content":{"rendered":"\n<p>Svi proizvodi dolaze s uputama za odr\u017eavanje i njegu koje su u\u0161ivene na etiketu hla\u010da s unutarnje strane pojasa. Svi proizvodi imaju upute tako\u0111er pri\u010dvr\u0161\u0107ene na privjesnicu. Budu\u0107i da su proizvodi izra\u0111eni od razli\u010ditih materijala, odr\u017eavanje i njega mogu varirati, stoga svaki odr\u017eavajte prema uputama u\u0161ivenim na etiketi ili privjesnici.<\/p>\n\n\n\n<p><strong>Uvijek je korisno da:<\/strong><\/p>\n\n\n\n<ul class=\"wp-block-list\">\n<li>Okrenete proizvode prije pranja (osim hla\u010da od tehni\u010dkih materijala)<\/li>\n\n\n\n<li>Ne perete proizvode u prepunoj perilici rublja<\/li>\n\n\n\n<li>Koristite teku\u0107e sredstvo za pranje rublja (pra\u0161ak u prahu se mo\u017eda ne\u0107e potpuno otopiti i tako \u0107e ostati na proizvodu i o\u0161tetiti ga)<\/li>\n\n\n\n<li>Perete predmete sli\u010dnih boja zajedno<\/li>\n\n\n\n<li>Ne gla\u010date otisnute dijelove proizvoda.<br><\/li>\n<\/ul>\n\n\n\n<p><strong>Za lak\u0161e odr\u017eavanje i njegu preporu\u010da se poznavanje zna\u010denja simbola<\/strong>.<\/p>\n\n\n\n<div class=\"wp-block-media-text alignwide is-stacked-on-mobile\" style=\"grid-template-columns:15% auto\"><figure class=\"wp-block-media-text__media\"><img loading=\"lazy\" decoding=\"async\" width=\"500\" height=\"500\" src=\"https:\/\/www.leny.eu\/wp-content\/uploads\/2023\/04\/machine-wash_hires.png\" alt=\"\" class=\"wp-image-1215 size-full\" srcset=\"https:\/\/www.leny.eu\/wp-content\/uploads\/2023\/04\/machine-wash_hires.png 500w, https:\/\/www.leny.eu\/wp-content\/uploads\/2023\/04\/machine-wash_hires-100x100.png 100w, https:\/\/www.leny.eu\/wp-content\/uploads\/2023\/04\/machine-wash_hires-300x300.png 300w, https:\/\/www.leny.eu\/wp-content\/uploads\/2023\/04\/machine-wash_hires-150x150.png 150w, https:\/\/www.leny.eu\/wp-content\/uploads\/2023\/04\/machine-wash_hires-180x180.png 180w\" sizes=\"auto, (max-width: 500px) 100vw, 500px\" \/><\/figure><div class=\"wp-block-media-text__content\">\n<p><strong>Pranje<\/strong>: posuda s vodom predstavlja uputu za pranje u perilici, a broj predstavlja najvi\u0161u preporu\u010denu temperaturu. Ispod posude se tako\u0111er mogu na\u0107i i pruge koje ozna\u010davaju agresivnost ciklusa pranja, a vi\u0161e pruga ozna\u010dava bla\u017ei ciklus.<\/p>\n<\/div><\/div>\n\n\n\n<div class=\"wp-block-media-text alignwide is-stacked-on-mobile\" style=\"grid-template-columns:15% auto\"><figure class=\"wp-block-media-text__media\"><img loading=\"lazy\" decoding=\"async\" width=\"500\" height=\"500\" src=\"https:\/\/www.leny.eu\/wp-content\/uploads\/2023\/04\/do-not-bleach_hires.png\" alt=\"\" class=\"wp-image-1220 size-full\" srcset=\"https:\/\/www.leny.eu\/wp-content\/uploads\/2023\/04\/do-not-bleach_hires.png 500w, https:\/\/www.leny.eu\/wp-content\/uploads\/2023\/04\/do-not-bleach_hires-100x100.png 100w, https:\/\/www.leny.eu\/wp-content\/uploads\/2023\/04\/do-not-bleach_hires-300x300.png 300w, https:\/\/www.leny.eu\/wp-content\/uploads\/2023\/04\/do-not-bleach_hires-150x150.png 150w, https:\/\/www.leny.eu\/wp-content\/uploads\/2023\/04\/do-not-bleach_hires-180x180.png 180w\" sizes=\"auto, (max-width: 500px) 100vw, 500px\" \/><\/figure><div class=\"wp-block-media-text__content\">\n<p><strong>Izbjeljivanje<\/strong>: trokut predstavlja upute za izbjeljivanje. Izbjeljivanje je svakako dopu\u0161teno samo ako trokut nema dodane dodatne simbole. Ako je trokut prekri\u017een, izbjeljivanje proizvoda nije dopu\u0161teno.<br><\/p>\n<\/div><\/div>\n\n\n\n<div class=\"wp-block-media-text alignwide is-stacked-on-mobile\" style=\"grid-template-columns:15% auto\"><figure class=\"wp-block-media-text__media\"><img loading=\"lazy\" decoding=\"async\" width=\"500\" height=\"500\" src=\"https:\/\/www.leny.eu\/wp-content\/uploads\/2023\/04\/tumble-dry-low-heat_hires.png\" alt=\"\" class=\"wp-image-1224 size-full\" srcset=\"https:\/\/www.leny.eu\/wp-content\/uploads\/2023\/04\/tumble-dry-low-heat_hires.png 500w, https:\/\/www.leny.eu\/wp-content\/uploads\/2023\/04\/tumble-dry-low-heat_hires-100x100.png 100w, https:\/\/www.leny.eu\/wp-content\/uploads\/2023\/04\/tumble-dry-low-heat_hires-300x300.png 300w, https:\/\/www.leny.eu\/wp-content\/uploads\/2023\/04\/tumble-dry-low-heat_hires-150x150.png 150w, https:\/\/www.leny.eu\/wp-content\/uploads\/2023\/04\/tumble-dry-low-heat_hires-180x180.png 180w\" sizes=\"auto, (max-width: 500px) 100vw, 500px\" \/><\/figure><div class=\"wp-block-media-text__content\">\n<p><strong>Su\u0161enje u su\u0161ilici<\/strong>:<strong> <\/strong>krug u kvadratu predstavlja upute za su\u0161enje u su\u0161ilici, a broj to\u010dkica predstavlja najvi\u0161u preporu\u010denu temperaturu. Jedna to\u010dkica zna\u010di do 50 \u00b0C, a svaka sljede\u0107a to\u010dka zna\u010di 20 \u00b0C. Ako je simbol prekri\u017een, su\u0161enje u su\u0161ilici nije dopu\u0161teno.<\/p>\n<\/div><\/div>\n\n\n\n<div class=\"wp-block-media-text alignwide is-stacked-on-mobile\" style=\"grid-template-columns:15% auto\"><figure class=\"wp-block-media-text__media\"><img loading=\"lazy\" decoding=\"async\" width=\"500\" height=\"500\" src=\"https:\/\/www.leny.eu\/wp-content\/uploads\/2023\/04\/iron-low-temperature_hires.png\" alt=\"\" class=\"wp-image-1228 size-full\" srcset=\"https:\/\/www.leny.eu\/wp-content\/uploads\/2023\/04\/iron-low-temperature_hires.png 500w, https:\/\/www.leny.eu\/wp-content\/uploads\/2023\/04\/iron-low-temperature_hires-100x100.png 100w, https:\/\/www.leny.eu\/wp-content\/uploads\/2023\/04\/iron-low-temperature_hires-300x300.png 300w, https:\/\/www.leny.eu\/wp-content\/uploads\/2023\/04\/iron-low-temperature_hires-150x150.png 150w, https:\/\/www.leny.eu\/wp-content\/uploads\/2023\/04\/iron-low-temperature_hires-180x180.png 180w\" sizes=\"auto, (max-width: 500px) 100vw, 500px\" \/><\/figure><div class=\"wp-block-media-text__content\">\n<p><strong>Gla\u010danje<\/strong>: gla\u010dalo predstavlja upute za gla\u010danje, a broj to\u010dkica maksimalnu preporu\u010denu temperaturu za gla\u010danje. Jedna to\u010dkica zna\u010di do 110 \u00b0C, dvije to\u010dke 150 \u00b0C i tri to\u010dke 200 \u00b0C. Ako je simbol prekri\u017een, gla\u010danje nije dopu\u0161teno.<br><\/p>\n<\/div><\/div>\n\n\n\n<div class=\"wp-block-media-text alignwide is-stacked-on-mobile\" style=\"grid-template-columns:15% auto\"><figure class=\"wp-block-media-text__media\"><img loading=\"lazy\" decoding=\"async\" width=\"500\" height=\"500\" src=\"https:\/\/www.leny.eu\/wp-content\/uploads\/2023\/04\/dryclean-with-any-solvent-except-trichloroethylene_hires.png\" alt=\"\" class=\"wp-image-1232 size-full\" srcset=\"https:\/\/www.leny.eu\/wp-content\/uploads\/2023\/04\/dryclean-with-any-solvent-except-trichloroethylene_hires.png 500w, https:\/\/www.leny.eu\/wp-content\/uploads\/2023\/04\/dryclean-with-any-solvent-except-trichloroethylene_hires-100x100.png 100w, https:\/\/www.leny.eu\/wp-content\/uploads\/2023\/04\/dryclean-with-any-solvent-except-trichloroethylene_hires-300x300.png 300w, https:\/\/www.leny.eu\/wp-content\/uploads\/2023\/04\/dryclean-with-any-solvent-except-trichloroethylene_hires-150x150.png 150w, https:\/\/www.leny.eu\/wp-content\/uploads\/2023\/04\/dryclean-with-any-solvent-except-trichloroethylene_hires-180x180.png 180w\" sizes=\"auto, (max-width: 500px) 100vw, 500px\" \/><\/figure><div class=\"wp-block-media-text__content\">\n<p><strong>Profesionalna njega<\/strong>: Krug s dodatnim oznakama predstavlja upute za profesionalnu njegu (kemijsko i mokro \u010di\u0161\u0107enje). U \u010distionici \u0107e slijediti upute upisane u krug. Ako je krug prekri\u017een, to zna\u010di da kemijsko \u010di\u0161\u0107enje nije dopu\u0161teno.<br><\/p>\n<\/div><\/div>\n","protected":false},"excerpt":{"rendered":"<p>Svi proizvodi dolaze s uputama za odr\u017eavanje i njegu koje su u\u0161ivene na etiketu hla\u010da s unutarnje strane pojasa. Svi proizvodi imaju upute tako\u0111er pri\u010dvr\u0161\u0107ene na privjesnicu. Budu\u0107i da su proizvodi izra\u0111eni od razli\u010ditih materijala, odr\u017eavanje i njega mogu varirati, stoga svaki odr\u017eavajte prema uputama u\u0161ivenim na etiketi ili privjesnici. Uvijek je korisno da: Za&hellip;<\/p>\n","protected":false},"author":4,"featured_media":0,"parent":0,"menu_order":0,"comment_status":"closed","ping_status":"closed","template":"","meta":{"footnotes":""},"class_list":["post-5128","page","type-page","status-publish","hentry"],"jetpack_sharing_enabled":true,"_links":{"self":[{"href":"https:\/\/www.leny.eu\/hr\/wp-json\/wp\/v2\/pages\/5128","targetHints":{"allow":["GET"]}}],"collection":[{"href":"https:\/\/www.leny.eu\/hr\/wp-json\/wp\/v2\/pages"}],"about":[{"href":"https:\/\/www.leny.eu\/hr\/wp-json\/wp\/v2\/types\/page"}],"author":[{"embeddable":true,"href":"https:\/\/www.leny.eu\/hr\/wp-json\/wp\/v2\/users\/4"}],"replies":[{"embeddable":true,"href":"https:\/\/www.leny.eu\/hr\/wp-json\/wp\/v2\/comments?post=5128"}],"version-history":[{"count":1,"href":"https:\/\/www.leny.eu\/hr\/wp-json\/wp\/v2\/pages\/5128\/revisions"}],"predecessor-version":[{"id":5129,"href":"https:\/\/www.leny.eu\/hr\/wp-json\/wp\/v2\/pages\/5128\/revisions\/5129"}],"wp:attachment":[{"href":"https:\/\/www.leny.eu\/hr\/wp-json\/wp\/v2\/media?parent=5128"}],"curies":[{"name":"wp","href":"https:\/\/api.w.org\/{rel}","templated":true}]}}