{"id":6319,"date":"2020-03-06T15:33:44","date_gmt":"2020-03-06T15:33:44","guid":{"rendered":"https:\/\/leny.april8.org\/?page_id=6319"},"modified":"2025-02-20T09:59:14","modified_gmt":"2025-02-20T09:59:14","slug":"kontakt","status":"publish","type":"page","link":"https:\/\/www.leny.eu\/hr\/kontakt\/","title":{"rendered":"Kontakt"},"content":{"rendered":"\n<p>Leny na novoj lokaciji &#8211; Zoisova ul. 1 u Kranju.<\/p>\n\n\n\n<p>Posjetite nas u na\u0161oj industrijskoj trgovini:<\/p>\n\n\n\n<p>Ponedjeljak od 9.00 do 15.00<br>Utorak od 9.00 do 18.00<br>Srijeda od 9.00 do 15.00<br>\u010cetvrtak od 9.00 do 18.00<br>Petak od 9.00 do 13.00<br>Subota od 9.00 do 12.00<\/p>\n\n\n\n<p>Ako imate bilo kakvih pitanja vezanih za na\u0161e proizvode, kupnju, dostavu ili bilo koje druge stvari, mo\u017eete nas kontaktirati putem na\u0161eg telefona: <a href=\"http:\/\/+38945955200\">+386 4 59 55 200<\/a> ili e-po\u0161te: <a href=\"mailto:info@leny.eu\">info@leny.eu<\/a>. Na\u0161 tim \u0107e rado odgovoriti na sva va\u0161a pitanja i pomo\u0107i vam u slu\u010daju eventualnih problema.<\/p>\n\n\n\n<p>Hvala vam na povjerenju u Leny i radujemo se va\u0161oj poruci.<\/p>\n\n\n\n<div class=\"wp-block-contact-form-7-contact-form-selector\">\n<div class=\"wpcf7 no-js\" id=\"wpcf7-f6333-o1\" lang=\"hr\" dir=\"ltr\" data-wpcf7-id=\"6333\">\n<div class=\"screen-reader-response\"><p role=\"status\" aria-live=\"polite\" aria-atomic=\"true\"><\/p> <ul><\/ul><\/div>\n<form action=\"\/hr\/wp-json\/wp\/v2\/pages\/6319#wpcf7-f6333-o1\" method=\"post\" class=\"wpcf7-form init\" aria-label=\"Kontakt obrazac\" novalidate=\"novalidate\" data-status=\"init\">\n<fieldset class=\"hidden-fields-container\"><input type=\"hidden\" name=\"_wpcf7\" value=\"6333\" \/><input type=\"hidden\" name=\"_wpcf7_version\" value=\"6.1.5\" \/><input type=\"hidden\" name=\"_wpcf7_locale\" value=\"hr\" \/><input type=\"hidden\" name=\"_wpcf7_unit_tag\" value=\"wpcf7-f6333-o1\" \/><input type=\"hidden\" name=\"_wpcf7_container_post\" value=\"0\" \/><input type=\"hidden\" name=\"_wpcf7_posted_data_hash\" value=\"\" \/>\n<\/fieldset>\n<p><label> Va\u0161e ime<br \/>\n<span class=\"wpcf7-form-control-wrap\" data-name=\"your-name\"><input size=\"40\" maxlength=\"400\" class=\"wpcf7-form-control wpcf7-text wpcf7-validates-as-required\" autocomplete=\"name\" aria-required=\"true\" aria-invalid=\"false\" value=\"\" type=\"text\" name=\"your-name\" \/><\/span> <\/label>\n<\/p>\n<p><label> Va\u0161a e-po\u0161ta<br \/>\n<span class=\"wpcf7-form-control-wrap\" data-name=\"your-email\"><input size=\"40\" maxlength=\"400\" class=\"wpcf7-form-control wpcf7-email wpcf7-validates-as-required wpcf7-text wpcf7-validates-as-email\" autocomplete=\"email\" aria-required=\"true\" aria-invalid=\"false\" value=\"\" type=\"email\" name=\"your-email\" \/><\/span> <\/label>\n<\/p>\n<p><label> Predmet<br \/>\n<span class=\"wpcf7-form-control-wrap\" data-name=\"your-subject\"><input size=\"40\" maxlength=\"400\" class=\"wpcf7-form-control wpcf7-text wpcf7-validates-as-required\" aria-required=\"true\" aria-invalid=\"false\" value=\"\" type=\"text\" name=\"your-subject\" \/><\/span> <\/label>\n<\/p>\n<p><label> Va\u0161a poruka (neobvezno)<br \/>\n<span class=\"wpcf7-form-control-wrap\" data-name=\"your-message\"><textarea cols=\"40\" rows=\"10\" maxlength=\"2000\" class=\"wpcf7-form-control wpcf7-textarea\" aria-invalid=\"false\" name=\"your-message\"><\/textarea><\/span> <\/label>\n<\/p>\n<p><input class=\"wpcf7-form-control wpcf7-submit has-spinner\" type=\"submit\" value=\"Po\u0161alji\" \/>\n<\/p><div class=\"wpcf7-response-output\" aria-hidden=\"true\"><\/div>\n<\/form>\n<\/div>\n<\/div>\n","protected":false},"excerpt":{"rendered":"<p>Leny na novoj lokaciji &#8211; Zoisova ul. 1 u Kranju. Posjetite nas u na\u0161oj industrijskoj trgovini: Ponedjeljak od 9.00 do 15.00Utorak od 9.00 do 18.00Srijeda od 9.00 do 15.00\u010cetvrtak od 9.00 do 18.00Petak od 9.00 do 13.00Subota od 9.00 do 12.00 Ako imate bilo kakvih pitanja vezanih za na\u0161e proizvode, kupnju, dostavu ili bilo koje&hellip;<\/p>\n","protected":false},"author":4,"featured_media":0,"parent":0,"menu_order":0,"comment_status":"closed","ping_status":"closed","template":"","meta":{"footnotes":""},"class_list":["post-6319","page","type-page","status-publish","hentry"],"jetpack_sharing_enabled":true,"_links":{"self":[{"href":"https:\/\/www.leny.eu\/hr\/wp-json\/wp\/v2\/pages\/6319","targetHints":{"allow":["GET"]}}],"collection":[{"href":"https:\/\/www.leny.eu\/hr\/wp-json\/wp\/v2\/pages"}],"about":[{"href":"https:\/\/www.leny.eu\/hr\/wp-json\/wp\/v2\/types\/page"}],"author":[{"embeddable":true,"href":"https:\/\/www.leny.eu\/hr\/wp-json\/wp\/v2\/users\/4"}],"replies":[{"embeddable":true,"href":"https:\/\/www.leny.eu\/hr\/wp-json\/wp\/v2\/comments?post=6319"}],"version-history":[{"count":3,"href":"https:\/\/www.leny.eu\/hr\/wp-json\/wp\/v2\/pages\/6319\/revisions"}],"predecessor-version":[{"id":13454,"href":"https:\/\/www.leny.eu\/hr\/wp-json\/wp\/v2\/pages\/6319\/revisions\/13454"}],"wp:attachment":[{"href":"https:\/\/www.leny.eu\/hr\/wp-json\/wp\/v2\/media?parent=6319"}],"curies":[{"name":"wp","href":"https:\/\/api.w.org\/{rel}","templated":true}]}}