{"id":6357,"date":"2023-04-28T08:19:51","date_gmt":"2023-04-28T08:19:51","guid":{"rendered":"https:\/\/leny.april8.org\/?page_id=6357"},"modified":"2023-06-01T08:04:00","modified_gmt":"2023-06-01T08:04:00","slug":"uvjeti-poslovanja","status":"publish","type":"page","link":"https:\/\/www.leny.eu\/hr\/uvjeti-poslovanja\/","title":{"rendered":"Uvjeti poslovanja"},"content":{"rendered":"\n<p><strong>Sadr\u017eaj<\/strong><\/p>\n\n\n\n<p>1. Op\u0107i uvjeti poslovanja<\/p>\n\n\n\n<p>2. Na\u010din naru\u010divanja<\/p>\n\n\n\n<p>3. Cijene<\/p>\n\n\n\n<p>4. Dostava i na\u010din pla\u0107anja<\/p>\n\n\n\n<p>5. Rok isporuke<\/p>\n\n\n\n<p>6. Pravo na odustanak od kupnje, povrat robe<\/p>\n\n\n\n<p>7. Za\u0161tita osobnih podataka<\/p>\n\n\n\n<p>8. Rje\u0161avanje sporova<\/p>\n\n\n\n<p><strong>1. Op\u0107i uvjeti poslovanja<\/strong><\/p>\n\n\n\n<p>Web stranicom www.leny.eu upravlja Gomstar doo<\/p>\n\n\n\n<p>Mati\u010dni broj: 3976106000<\/p>\n\n\n\n<p>Podaci o upisu u registar: br. registracija reg . 2011\/18528, Okru\u017eni sud u Ljubljani<\/p>\n\n\n\n<p>Osniva\u010dki kapital: 7.500,00 EUR<\/p>\n\n\n\n<p>Porezni broj: SI86841556, porezni smo obveznici<\/p>\n\n\n\n<p>Op\u0107i uvjeti internetske trgovine www.leny.eu sastavljeni su u skladu sa <a href=\"http:\/\/www.uradni-list.si\/1\/content?id=51154\" target=\"_blank\" rel=\"noreferrer noopener\">Zakonom o za\u0161titi potro\u0161a\u010da <\/a>, na temelju preporuka <a href=\"http:\/\/www.gzs.si\/slo\/\" target=\"_blank\" rel=\"noreferrer noopener\">Gospodarske zbornice Slovenije <\/a>i me\u0111unarodnih kodeksa za e-poslovanje. Nalog obvezuje prodavatelja i kupca i ima karakter ugovora. Narud\u017ebe i ra\u010duni u tiskanom i elektronskom obliku \u010duvaju se u arhivi u sjedi\u0161tu na\u0161e tvrtke Gomstar doo, Zavrh pod \u0160marno goro 12A, 1211 Ljubljana \u0160martno. Kupac prima ra\u010dun zajedno s narud\u017ebom, a presliku narud\u017ebe u elektroni\u010dkom obliku prilikom potvrde narud\u017ebe.<\/p>\n\n\n\n<p>Ugovor\/narud\u017eba se sklapa na slovenskom jeziku. Prilikom narud\u017ebe u internetskoj trgovini www.leny.eu posjetitelj postaje kupac i unosi osobne podatke (e-mail adresa, ime, prezime, adresa, mjesto stanovanja, broj telefona) koji ga nedvosmisleno identificiraju i povezuju s kupca do narud\u017ebe.<\/p>\n\n\n\n<p>Zadr\u017eavamo pravo djelomi\u010dnog ili potpunog otkazivanja izvr\u0161enja narud\u017ebe ukoliko naru\u010denog proizvoda trenutno nema na skladi\u0161tu ili nije dostupan u odre\u0111enom materijalu ili boji. U tom slu\u010daju \u0107emo Vas e-mailom ili telefonom obavijestiti o proizvodima koji nedostaju i dogovoriti dostavu odn raskid ugovora (narud\u017ebe).<\/p>\n\n\n\n<p><strong>2. Na\u010din naru\u010divanja<\/strong><\/p>\n\n\n\n<p>Robu iz na\u0161e online trgovine mo\u017eete naru\u010diti 24 sata dnevno. Klikom na gumb &#8216;Potvrdi narud\u017ebu&#8217; potvr\u0111ujete da ste upoznati s potpunim tekstom ovdje navedenih uvjeta prodaje i pla\u0107anja te da ste na te uvjete izri\u010dito upozoreni prilikom kupnje. Va\u0161u potvr\u0111enu narud\u017ebu automatski proslje\u0111ujemo na va\u0161u e-mail adresu. Obavijesti o izvr\u0161enju narud\u017ebe i svim ostalim doga\u0111ajima vezanim uz va\u0161u narud\u017ebu uvijek se \u0161alju na va\u0161u e-mail adresu.<\/p>\n\n\n\n<p>Ukoliko \u017eelite pomo\u0107 pri kupnji, nazovite nas na 04\/59 55 200.<\/p>\n\n\n\n<p>Narud\u017ebu automatski proslje\u0111ujemo na va\u0161u e-mail adresu koju ste naveli prilikom narud\u017ebe. Predan elektronski nalog odn sklopljeni kupoprodajni ugovor pohranjuje se u sjedi\u0161tu dru\u0161tva.<\/p>\n\n\n\n<p>Na zahtjev potro\u0161a\u010da, kopiju narud\u017ebe prima na e-mail adresu odn na fizi\u010dku adresu navedenu u narud\u017ebi.<\/p>\n\n\n\n<p><strong>3. Cijene<\/strong><\/p>\n\n\n\n<p>Sve cijene proizvoda u trgovini izra\u017eene su u eurima (\u20ac) i uklju\u010duju porez na dodanu vrijednost (PDV). Cijene vrijede u trenutku slanja narud\u017ebe. Zadr\u017eavamo pravo promjene cijena bez prethodne najave. Kupoprodajni ugovor izme\u0111u ponu\u0111a\u010da i kupca sklopljen je od trenutka kada kupac potvrdi narud\u017ebu. Sve cijene i ostali fiksni uvjeti poslovanja vrijede od ovog trenutka i za kupca i za ponu\u0111a\u010da.<\/p>\n\n\n\n<p><strong>4. Dostava i na\u010din pla\u0107anja<\/strong><\/p>\n\n\n\n<p>Uobi\u010dajena cijena dostave za podru\u010dje unutar Slovenije je 5,90 \u20ac, a unutar EU je 6,90 \u20ac. U slu\u010daju narud\u017ebe ve\u0107eg broja proizvoda, cijena dostave se mo\u017ee promijeniti i jasno je navedena u procesu narud\u017ebe prije zavr\u0161etka narud\u017ebe. Za dostavu koristimo Po\u0161to Slovenije.<\/p>\n\n\n\n<p>Prilikom kupovine u online trgovini www.leny.eu nudimo \u010detiri mogu\u0107nosti pla\u0107anja proizvoda:<\/p>\n\n\n\n<ul class=\"wp-block-list\">\n<li><strong>Prilikom preuzimanja <\/strong>: Iznos narud\u017ebe pla\u0107ate po\u0161tanskom djelatniku prilikom dostave paketa. Ne morate pla\u0107ati po\u0161tarinu jer ju pokriva tvrtka Gomstar doo.<\/li>\n\n\n\n<li><strong>Predra\u010dun <\/strong>: Iznos narud\u017ebe dozna\u010dujete na na\u0161 bankovni ra\u010dun. Na\u010din na koji to radite (putem banke, po\u0161te, online banke itd . ) nije bitan. Poslat \u0107emo vam sve podatke potrebne za prijenos u e-poruci s potvrdom. Paket \u0107emo poslati nakon primitka transfera.<\/li>\n\n\n\n<li><strong>PayPal <\/strong>: Na kraju narud\u017ebe, bit \u0107ete preusmjereni na PayPal web stranicu, gdje \u0107ete izvr\u0161iti pla\u0107anje. Nakon izvr\u0161enog pla\u0107anja, bit \u0107ete preusmjereni natrag na podstranicu internetske trgovine www.leny.eu, gdje \u0107e biti prikazani podaci o uspje\u0161nosti pla\u0107anja i izvr\u0161enju narud\u017ebe . Za kori\u0161tenje PayPal sustava pla\u0107anja morate imati otvoren PayPal ra\u010dun.<\/li>\n\n\n\n<li><strong>prilikom preuzimanja u Leny trgovini <\/strong>: Proizvode preuzimate u radno vrijeme na\u0161e Leny trgovine . Nudimo mogu\u0107nost pla\u0107anja gotovinom i bankovnim karticama.<\/li>\n<\/ul>\n\n\n\n<p>\u017deljenu metodu pla\u0107anja birate tijekom procesa predaje narud\u017ebe.<\/p>\n\n\n\n<p><strong>5. Rok isporuke<\/strong><\/p>\n\n\n\n<p>Naru\u010denu robu koja je na zalihi i iz standardne ponude \u0161aljemo u roku od tri (3) radna dana. Za ostalu robu rok isporuke je posebno naveden na stranici s podacima o proizvodu.<\/p>\n\n\n\n<p><strong>6. Pravo na odustanak od kupnje, povrat robe<\/strong><\/p>\n\n\n\n<p>U slu\u010daju ugovora sklopljenih na daljinu (narud\u017eba u internetskoj trgovini www.leny.eu), kupac ima pravo u roku od \u010detrnaest (14) dana obavijestiti tvrtku pisanim putem ili e-po\u0161tom da odustaje od ugovora bez prethodnog dati razlog za svoju odluku. Rok za ostvarivanje prava na povrat robe po\u010dinje te\u0107i od dana kada je kupac primio robu. Proizvode je potrebno vratiti poduze\u0107u u roku od 30 dana od obavijesti o odustajanju od ugovora. Vra\u0107eni proizvodi moraju biti neo\u0161te\u0107eni, u istoj koli\u010dini, neno\u0161eni , netretirani, s originalnim etiketama i u originalnom pakiranju. Jedini tro\u0161ak koji kupac tereti u vezi s odustajanjem od ugovora je izravni tro\u0161ak povrata robe (npr. po\u0161tarina). Ne primamo po\u0161iljke s otkupninom i po\u0161iljke za koje primatelj mora platiti po\u0161tarinu.<\/p>\n\n\n\n<p>Ukoliko kupac prilikom isporuke utvrdi da su proizvodi o\u0161te\u0107eni, krivi, u krivoj koli\u010dini ili boji, mo\u017ee odustati od narud\u017ebe. Nakon prethodnog dogovora s nama, o\u0161te\u0107enu robu sa svim pripadaju\u0107im sadr\u017eajem paketa \u0161alje na na\u0161u adresu u roku od 14 dana od primitka po\u0161iljke. U tom slu\u010daju tro\u0161kove dostave snosi Gomstar doo. Druga\u010diji na\u010din povrata o na\u0161em tro\u0161ku nije mogu\u0107. Ne primamo po\u0161iljke s otkupninom i po\u0161iljke za koje primatelj mora platiti po\u0161tarinu.<\/p>\n\n\n\n<p>Prodavatelj ne odgovara za \u0161tetu nastalu prilikom isporuke proizvoda. Nastalu \u0161tetu kupac je du\u017ean prijaviti dostavnoj slu\u017ebi.<\/p>\n\n\n\n<p>Prodavatelj ne odgovara za \u0161tetu nastalu nepravilnom uporabom ili odr\u017eavanjem proizvoda.<\/p>\n\n\n\n<p>U svim slu\u010dajevima reklamacije izvr\u0161it \u0107emo povrat kupoprodajne cijene u roku od 30 dana od primitka reklamacije. Potrebno je prilo\u017eiti kopiju originalnog ra\u010duna i pismeno obja\u0161njenje razloga povrata. Po ocjeni da je reklamacija opravdana, proizvod \u0107e biti zamijenjen i poslan kupcu o tro\u0161ku prodavatelja.<\/p>\n\n\n\n<p><a href=\"http:\/\/www.uradni-list.si\/1\/content?id=51154\" target=\"_blank\" rel=\"noreferrer noopener\">Zakon o za\u0161titi potro\u0161a\u010da <\/a>u drugoj to\u010dki petog stavka \u010dlanka 43. posebno propisuje da potro\u0161a\u010d nema pravo na odustanak: kod ugovora o robi koja je proizvedena prema preciznim uputama potro\u0161a\u010da, koji su prilago\u0111eni njegovim osobnim potrebama.<\/p>\n\n\n\n<p>Primjer takvog proizvoda su hla\u010de koje su skra\u0107ene prema uputama kupca.<\/p>\n\n\n\n<p><strong>7. Za\u0161tita osobnih podataka<\/strong><\/p>\n\n\n\n<p>Tvrtka Gomstar doo, Zavrh pod \u0160marno goro 12A, 1211 Ljubljana \u0160martno, upravitelj internetske trgovine www.leny.eu, du\u017ena je \u0161tititi osobne podatke svojih korisnika sukladno <a href=\"http:\/\/www.uradni-list.si\/1\/objava.jsp?urlurid=20074690\" target=\"_blank\" rel=\"noreferrer noopener\">Zakonu o za\u0161titi osobnih podataka.<\/a><\/p>\n\n\n\n<p>Za potrebe poslovanja internet trgovine www.leny.eu tvrtka Gomstar doo prikuplja sljede\u0107e podatke o korisnicima:<\/p>\n\n\n\n<ul class=\"wp-block-list\">\n<li>ime i prezime<\/li>\n\n\n\n<li>adresa i mjesto stanovanja<\/li>\n\n\n\n<li>email adresa<\/li>\n\n\n\n<li>telefonski broj<\/li>\n<\/ul>\n\n\n\n<p>Administrator internetske trgovine www.leny.eu ni pod kojim uvjetima ne\u0107e predati podatke korisnika neovla\u0161tenim osobama. Adresu za dostavu korisnika povjerit \u0107emo samo dostavnoj slu\u017ebi (npr. Po\u0161ta Slovenije).<\/p>\n\n\n\n<p>Obavijesti o novostima (elektroni\u010dke vijesti) slat \u0107emo u obliku e-maila samo ako korisnik odabere ovu opciju ili se na iste prijavi. Va\u0161 broj telefona koristit \u0107emo samo ako postoji potreba da nas kontaktirate \u0161to je prije mogu\u0107e u vezi s va\u0161om narud\u017ebom.<\/p>\n\n\n\n<p><strong>Iznimno otkrivanje osobnih podataka<\/strong><\/p>\n\n\n\n<p>Podaci koje prikuplja i obra\u0111uje administrator internetske trgovine www.leny.eu bit \u0107e objavljeni samo ako je takva obveza propisana zakonom, ili u dobroj vjeri da je to potrebno za postupke pred sudom ili drugim dr\u017eavnim tijelima te za za\u0161tita i ostvarivanje legitimnih interesa dru\u0161tva Gomstar doo.<\/p>\n\n\n\n<p><strong>Prijavite se za primanje biltena putem e-po\u0161te<\/strong><\/p>\n\n\n\n<p>Mo\u017eete se izri\u010dito registrirati samo za primanje op\u0107ih elektroni\u010dkih vijesti. Mogu\u0107nost prijave na elektroni\u010dke newslettere uvijek je jasno ozna\u010dena i zahtijeva va\u0161u potvrdu. Vrsta podataka i na\u010din kori\u0161tenja, zajedno s ostalim detaljima, navedeni su u <a href=\"https:\/\/www.leny.eu\/hr\/zastita-osobnih-podataka\/\">Za\u0161titi osobnih podataka <\/a>.<\/p>\n\n\n\n<p><strong>8. Rje\u0161avanje sporova<\/strong><\/p>\n\n\n\n<p>Prodavatelj i kupac sporove \u0107e rje\u0161avati sporazumno. Ukoliko se ne mo\u017ee posti\u0107i me\u0111usobni dogovor, za rje\u0161avanje sporova nadle\u017ean je sud u Ljubljani.<\/p>\n","protected":false},"excerpt":{"rendered":"<p>Sadr\u017eaj 1. Op\u0107i uvjeti poslovanja 2. Na\u010din naru\u010divanja 3. Cijene 4. Dostava i na\u010din pla\u0107anja 5. Rok isporuke 6. Pravo na odustanak od kupnje, povrat robe 7. Za\u0161tita osobnih podataka 8. Rje\u0161avanje sporova 1. Op\u0107i uvjeti poslovanja Web stranicom www.leny.eu upravlja Gomstar doo Mati\u010dni broj: 3976106000 Podaci o upisu u registar: br. registracija reg .&hellip;<\/p>\n","protected":false},"author":4,"featured_media":0,"parent":0,"menu_order":0,"comment_status":"closed","ping_status":"closed","template":"","meta":{"footnotes":""},"class_list":["post-6357","page","type-page","status-publish","hentry"],"jetpack_sharing_enabled":true,"_links":{"self":[{"href":"https:\/\/www.leny.eu\/hr\/wp-json\/wp\/v2\/pages\/6357","targetHints":{"allow":["GET"]}}],"collection":[{"href":"https:\/\/www.leny.eu\/hr\/wp-json\/wp\/v2\/pages"}],"about":[{"href":"https:\/\/www.leny.eu\/hr\/wp-json\/wp\/v2\/types\/page"}],"author":[{"embeddable":true,"href":"https:\/\/www.leny.eu\/hr\/wp-json\/wp\/v2\/users\/4"}],"replies":[{"embeddable":true,"href":"https:\/\/www.leny.eu\/hr\/wp-json\/wp\/v2\/comments?post=6357"}],"version-history":[{"count":4,"href":"https:\/\/www.leny.eu\/hr\/wp-json\/wp\/v2\/pages\/6357\/revisions"}],"predecessor-version":[{"id":6698,"href":"https:\/\/www.leny.eu\/hr\/wp-json\/wp\/v2\/pages\/6357\/revisions\/6698"}],"wp:attachment":[{"href":"https:\/\/www.leny.eu\/hr\/wp-json\/wp\/v2\/media?parent=6357"}],"curies":[{"name":"wp","href":"https:\/\/api.w.org\/{rel}","templated":true}]}}