{"id":6360,"date":"2023-04-28T08:56:38","date_gmt":"2023-04-28T08:56:38","guid":{"rendered":"https:\/\/leny.april8.org\/?page_id=6360"},"modified":"2023-05-11T09:22:27","modified_gmt":"2023-05-11T09:22:27","slug":"izjava-o-zastiti-osobnih-podataka","status":"publish","type":"page","link":"https:\/\/www.leny.eu\/hr\/izjava-o-zastiti-osobnih-podataka\/","title":{"rendered":"Izjava o za\u0161titi osobnih podataka"},"content":{"rendered":"\n<p>Izjava o za\u0161titi osobnih podataka je dokument koji opisuje na koji na\u010din tvrtka upravlja osobnim podacima svojih kupaca ili korisnika te koje osobne podatke prikuplja, obra\u0111uje i na koji na\u010din ih \u0161titi. Ova izjava tako\u0111er definira u kojim slu\u010dajevima tvrtka mo\u017ee dijeliti te podatke s drugim organizacijama ili tre\u0107im stranama te koja prava korisnici imaju u vezi s njihovim osobnim podacima. Svrha izjave o za\u0161titi osobnih podataka je osigurati transparentnost i povjerenje izme\u0111u tvrtke i korisnika te osigurati da korisnici budu upoznati s na\u010dinom na koji se njihovi osobni podaci koriste.<\/p>\n\n\n\n<p>U na\u0161oj internetskoj trgovini svjesni smo da su osobni podaci koje nam korisnici dostavljaju vrlo osjetljivi te ih stoga tretiramo s posebnom pa\u017enjom. Jam\u010dimo da \u0107e svi osobni podaci koje nam povjerite biti za\u0161ti\u0107eni od zlouporabe, odavanja i neovla\u0161tenog pristupa te da ne\u0107e biti proslije\u0111eni tre\u0107im stranama. Sve podatke koje nam povjerite tretirat \u0107emo povjerljivo i koristit \u0107emo ih samo u svrhu za koju ste nam ih dostavili.<\/p>\n\n\n\n<p>Tako\u0111er smo svjesni da su nam podaci potrebni za isporuku naru\u010denih proizvoda nu\u017eni za ispunjenje na\u0161ih obveza. Stoga \u0107emo potrebne podatke povjeriti dostavnoj slu\u017ebi Po\u0161te Slovenije koju koristimo za dostavu narud\u017ebi. Dostavnoj slu\u017ebi dostavit \u0107emo samo osnovne podatke, kao \u0161to su ime i prezime primatelja, adresa za dostavu te broj telefona i e-mail adresa za obavijest o statusu paketa.<\/p>\n\n\n\n<p><strong>Koje osobne podatke prikupljamo, obra\u0111ujemo, pohranjujemo i za\u0161to<\/strong><\/p>\n\n\n\n<p>Obvezujemo se koristiti va\u0161e osobne podatke samo u svrhe za koje ste nam ih dali te \u0107emo osigurati da va\u0161i podaci budu sigurni i za\u0161ti\u0107eni od neovla\u0161tenog pristupa ili zlouporabe.<\/p>\n\n\n\n<p>U na\u0161em poduze\u0107u obra\u0111ujemo i pohranjujemo samo one osobne podatke koje nam vi dostavite i koji su navedeni u nastavku, naravno uzimaju\u0107i u obzir va\u0161e dopu\u0161tenje za njihovu obradu. Kao alat za prikupljanje informacija o kori\u0161tenju na\u0161e web stranice koristimo Google Analytics , koji ne obra\u0111uje osobne podatke u na\u0161oj tvrtki, ve\u0107 u Googleu.<\/p>\n\n\n\n<p>Posjetitelji na\u0161e web stranice mogu se prijaviti za primanje e-novosti ili se registrirati kao korisnici kao kupci. U potonjem slu\u010daju mo\u017eemo obra\u0111ivati i pohranjivati osobne podatke koje nam dostavite, uklju\u010duju\u0107i va\u0161e ime, prezime, adresu, telefonski broj, adresu e-po\u0161te i druge informacije koje su nam potrebne za ispunjenje va\u0161e narud\u017ebe ili pru\u017eanje usluga.<\/p>\n\n\n\n<p>Pretplatom na na\u0161 e-newsletter pristajete da Vam na Va\u0161u e-mail adresu \u0161aljemo obavijesti o novim kolekcijama, posebnim ponudama i popustima koji bi Vam mogli biti zanimljivi i korisni.<\/p>\n\n\n\n<p>Prilikom prijave na na\u0161 e-newsletter imate dvije mogu\u0107nosti: prijavom na e-newsletter na web stranici ili fizi\u010dki u na\u0161oj trgovini putem obrazaca za prijavu na e-newsletter. U tim slu\u010dajevima \u0107emo obraditi sljede\u0107e podatke:<\/p>\n\n\n\n<ol class=\"wp-block-list\" type=\"1\" start=\"1\">\n<li>Va\u0161e ime i prezime (osim prilikom prijave na e-biltene) &#8211; potrebno je kako bismo vam se mogli ispravno obratiti s e-biltenima.<\/li>\n\n\n\n<li>Va\u0161a adresa e-po\u0161te &#8211; ova informacija je potrebna za slanje biltena putem e-po\u0161te.<\/li>\n\n\n\n<li>IP adresa (osim za fizi\u010dku registraciju u trgovini putem obrasca za registraciju) &#8211; prikupljamo je kako bismo osigurali revizijski trag i slu\u017eili kao dokaz u slu\u010daju bilo kakvih sporova.<\/li>\n<\/ol>\n\n\n\n<p>U svrhu pru\u017eanja usluga koje nudimo prikupljamo sljede\u0107e osobne podatke korisnika:<\/p>\n\n\n\n<ul class=\"wp-block-list\">\n<li>Ime i prezime \u2013 ove podatke koristimo za adresiranje i izdavanje ra\u010duna.<\/li>\n\n\n\n<li>Adresa za dostavu &#8211; ovi podaci su potrebni za fakturiranje i dostavu naru\u010denih proizvoda.<\/li>\n\n\n\n<li>Kontakt telefon &#8211; prikupljamo ga za obavje\u0161tavanje korisnika o narud\u017ebi, proizvodima koji nisu na zalihi te za savjet i provjeru narud\u017ebe.<\/li>\n\n\n\n<li>Adresa e-po\u0161te &#8211; koristimo se ovim podacima kako bismo vam poslali sa\u017eetak narud\u017ebe, obavijestili vas o va\u0161oj narud\u017ebi, proizvodima koji nisu na zalihama te za savjetovanje i provjeru narud\u017ebi.<\/li>\n\n\n\n<li>\u0160ifrirana lozinka &#8211; ove informacije prikupljamo ako korisnik zaboravi lozinku.<\/li>\n\n\n\n<li>Ostali podaci koje korisnik dobrovoljno unese u obrasce na web stranici (npr. eventualne napomene prilikom predaje narud\u017ebe, poruke prilikom predaje kontakt forme).<\/li>\n<\/ul>\n\n\n\n<p>Ne preuzimamo odgovornost za to\u010dnost, potpunost i a\u017eurnost osobnih podataka koje korisnik unese. Korisnik je sam odgovoran za sigurnost svog korisni\u010dkog imena i lozinke te za za\u0161titu svojih osobnih podataka.<\/p>\n\n\n\n<p>Korisnici imaju pravo uvida ili ispravka svojih osobnih podataka. Svi podaci koje vodimo o korisniku dostupni su na njegovom profilu, gdje ih on mo\u017ee i ispraviti. Ako korisnici \u017eele promijeniti ili isprave svoje osobne podatke, to mogu poslati i na e-mail adresu <a href=\"mailto:info@leny.eu\">info@leny.eu <\/a>. Korisnici tako\u0111er imaju pravo na prenosivost svojih podataka, \u0161to zna\u010di da voditelj obrade mora osigurati podatke u strukturiranom i strojno \u010ditljivom formatu.<\/p>\n\n\n\n<p>Osobni podaci bit \u0107e pohranjeni dok ne odjavite primanje e-novosti. Od primanja newslettera mo\u017eete se odjaviti u bilo kojem trenutku klikom na Odjava na dnu primljenih e-vijesti ili slanjem obavijesti s naslovom &#8221; <strong>ODJAVA &#8221; na <\/strong><a href=\"mailto:info@leny.eu\">info@leny.eu <\/a>. Ukoliko ste korisnik i ikada naru\u010divali u internetskoj trgovini, mo\u017eete zatra\u017eiti brisanje svojih podataka, bez obzira primate li e-vijesti ili ne. Ukoliko imate dodatnih pitanja ili trebate poja\u0161njenje, stojimo vam na raspolaganju na <a href=\"mailto:info@leny.eu\">info@leny.eu <\/a>.<\/p>\n","protected":false},"excerpt":{"rendered":"<p>Izjava o za\u0161titi osobnih podataka je dokument koji opisuje na koji na\u010din tvrtka upravlja osobnim podacima svojih kupaca ili korisnika te koje osobne podatke prikuplja, obra\u0111uje i na koji na\u010din ih \u0161titi. Ova izjava tako\u0111er definira u kojim slu\u010dajevima tvrtka mo\u017ee dijeliti te podatke s drugim organizacijama ili tre\u0107im stranama te koja prava korisnici imaju&hellip;<\/p>\n","protected":false},"author":4,"featured_media":0,"parent":0,"menu_order":0,"comment_status":"closed","ping_status":"closed","template":"","meta":{"footnotes":""},"class_list":["post-6360","page","type-page","status-publish","hentry"],"jetpack_sharing_enabled":true,"_links":{"self":[{"href":"https:\/\/www.leny.eu\/hr\/wp-json\/wp\/v2\/pages\/6360","targetHints":{"allow":["GET"]}}],"collection":[{"href":"https:\/\/www.leny.eu\/hr\/wp-json\/wp\/v2\/pages"}],"about":[{"href":"https:\/\/www.leny.eu\/hr\/wp-json\/wp\/v2\/types\/page"}],"author":[{"embeddable":true,"href":"https:\/\/www.leny.eu\/hr\/wp-json\/wp\/v2\/users\/4"}],"replies":[{"embeddable":true,"href":"https:\/\/www.leny.eu\/hr\/wp-json\/wp\/v2\/comments?post=6360"}],"version-history":[{"count":1,"href":"https:\/\/www.leny.eu\/hr\/wp-json\/wp\/v2\/pages\/6360\/revisions"}],"predecessor-version":[{"id":6361,"href":"https:\/\/www.leny.eu\/hr\/wp-json\/wp\/v2\/pages\/6360\/revisions\/6361"}],"wp:attachment":[{"href":"https:\/\/www.leny.eu\/hr\/wp-json\/wp\/v2\/media?parent=6360"}],"curies":[{"name":"wp","href":"https:\/\/api.w.org\/{rel}","templated":true}]}}