{"id":6642,"date":"2023-05-28T16:56:25","date_gmt":"2023-05-28T16:56:25","guid":{"rendered":"https:\/\/www.leny.eu\/?page_id=6642"},"modified":"2023-05-28T17:07:21","modified_gmt":"2023-05-28T17:07:21","slug":"obavijesti-o-kolacicima","status":"publish","type":"page","link":"https:\/\/www.leny.eu\/hr\/obavijesti-o-kolacicima\/","title":{"rendered":"Obavijest o kola\u010di\u0107ima"},"content":{"rendered":"\n<p><\/p>\n\n\n\n<p>Na\u0161 cilj je posjetiteljima na\u0161e web stranice uvijek pru\u017eiti svje\u017ee i relevantne informacije koje su im va\u017ene. Analiziraju\u0107i njihove interese i pretra\u017eivanja na na\u0161oj stranici, mo\u017eemo ponuditi relevantan sadr\u017eaj. Me\u0111utim, nikada prikupljene podatke ne dijelimo s tre\u0107im stranama i ne pratimo posjetitelje kao pojedince, ve\u0107 samo anonimno.<\/p>\n\n\n\n<p><strong>\u0160to su kola\u010di\u0107i?<\/strong><strong><\/strong><\/p>\n\n\n\n<p>Kola\u010di\u0107i su male datoteke koje se pohranjuju na va\u0161em ra\u010dunalu kada posjetite web stranicu. Uz pomo\u0107 kola\u010di\u0107a va\u0161i kasniji posjeti web stranici mogu pro\u0107i glatko. U postavkama va\u0161eg preglednika mo\u017eete odrediti \u017eelite li prihva\u0107ati kola\u010di\u0107e ili ne. Ako ih ne prihvatite, mo\u017ee se dogoditi da neke web stranice ne rade ispravno ili da vam nisu dostupne sve informacije i funkcionalnosti. Me\u0111utim, prihva\u0107anje kola\u010di\u0107a nije uvjet za kori\u0161tenje web stranice . Va\u0161u odluku o prihva\u0107anju kola\u010di\u0107a ne\u0107emo dijeliti s tre\u0107im stranama.<\/p>\n\n\n\n<p><strong>Vrste kola\u010di\u0107a<\/strong><strong><\/strong><\/p>\n\n\n\n<p><strong>Nu\u017eni kola\u010di\u0107i<br><\/strong>Nu\u017eni kola\u010di\u0107i neophodni su za osnovne funkcije web stranice i bez njih web stranica ne\u0107e funkcionirati kako je predvi\u0111eno. Ovi kola\u010di\u0107i ne pohranjuju nikakve osobne podatke.<\/p>\n\n\n\n<p><strong>Analiti\u010dki kola\u010di\u0107i<br><\/strong>Analiti\u010dki kola\u010di\u0107i koriste se za razumijevanje interakcije posjetitelja s web stranicom. Ovi kola\u010di\u0107i poma\u017eu u pru\u017eanju informacija o mjerenju broja posjetitelja, stope napu\u0161tanja stranice, izvora prometa itd.<\/p>\n\n\n\n<p><strong>Funkcionalni kola\u010di\u0107i<\/strong><br>Funkcionalni kola\u010di\u0107i poma\u017eu u implementaciji odre\u0111enih funkcionalnosti kao \u0161to je dijeljenje sadr\u017eaja web stranice na platformama dru\u0161tvenih medija, prikupljanje povratnih informacija i druge funkcije tre\u0107ih strana.<\/p>\n\n\n\n<p><strong>Ogla\u0161ava\u010dki kola\u010di\u0107i<\/strong><br>Ogla\u0161ava\u010dki kola\u010di\u0107i koriste se kako bi posjetiteljima pru\u017eili personalizirane oglase na temelju stranica koje su prethodno posjetili i analizirali u\u010dinkovitost ogla\u0161iva\u010dke kampanje.<\/p>\n\n\n\n<p><strong>Nekategorizirani kola\u010di\u0107i<\/strong><br>Ostali nekategorizirani kola\u010di\u0107i su oni koji se analiziraju i jo\u0161 nisu kategorizirani.<\/p>\n\n\n\n<p><strong>Za\u0161to su kola\u010di\u0107i potrebni?<\/strong><strong><\/strong><\/p>\n\n\n\n<p>Ve\u0107ina web stranica koristi kola\u010di\u0107e jer pru\u017eaju prikladan na\u010din za odr\u017eavanje relevantnog i personaliziranog sadr\u017eaja koji je u skladu s interesima i preferencijama korisnika. Osim toga, kola\u010di\u0107i omogu\u0107uju prikupljanje statisti\u010dkih podataka o posje\u0107enosti web stranica, \u0161to administratorima omogu\u0107uje procjenu u\u010dinkovitosti dizajna njihovih web stranica te prikladnosti vrste i broja oglasa koje nude korisnicima na svojim web stranicama.<\/p>\n\n\n\n<p><strong>Popis kola\u010di\u0107a<\/strong><strong><\/strong><\/p>\n\n\n\n<figure class=\"wp-block-table\"><table><tbody><tr><td>Vrsta kola\u010di\u0107a<\/td><td>Naziv kola\u010di\u0107a<\/td><td>Trajanje<\/td><td>Opis<\/td><\/tr><tr><td>Potreban<\/td><td>PH_HPXY_CHECK<\/td><td>sjednica<\/td><td>Ovaj kola\u010di\u0107 se koristi za spremanje informacija o trenutnoj sesiji.<\/td><\/tr><tr><td>Potreban<\/td><td>__ pruga_sredina<\/td><td>1 godina<\/td><td>Stripe postavlja ovaj kola\u010di\u0107 za obradu pla\u0107anja.<\/td><\/tr><tr><td>Potreban<\/td><td>__ pruga_sid<\/td><td>30 minuta<\/td><td>Stripe postavlja ovaj kola\u010di\u0107 za obradu pla\u0107anja.<\/td><\/tr><tr><td>Potreban<\/td><td>woocommerce_items_in_cart<\/td><td>sjednica<\/td><td>WooCommerce postavlja ovaj kola\u010di\u0107 da bilje\u017ei ima li artikala u WooCommerce ko\u0161arici za kupnju.<\/td><\/tr><tr><td>Potreban<\/td><td>woocommerce_cart_hash<\/td><td>sjednica<\/td><td>WooCommerce postavlja ovaj kola\u010di\u0107 kako bi odredio kada se sadr\u017eaj\/podaci ko\u0161arice mijenjaju.<\/td><\/tr><tr><td>Funkcionalan<\/td><td>wp- wpml_trenutni_jezik<\/td><td>sjednica<\/td><td>WordPress vi\u0161ejezi\u010dni dodatak postavlja ovaj kola\u010di\u0107 za pohranu trenutnih postavki jezika\/jezika.<\/td><\/tr><tr><td>Analiti\u010dki<\/td><td>ga_*<\/td><td>1 godina 1 mjesec 4 dana<\/td><td>Google Analytics postavlja ovaj kola\u010di\u0107 za pohranu i brojanje pregleda stranica.<\/td><\/tr><tr><td>Analiti\u010dki<\/td><td>_ga<\/td><td>1 godina 1 mjesec 4 dana<\/td><td>Google Analytics postavlja ovaj kola\u010di\u0107 za izra\u010dunavanje podataka o posjetiteljima, sesijama i kampanjama te za pra\u0107enje kori\u0161tenja stranice za analiti\u010dko izvje\u0161\u0107e stranice. Kola\u010di\u0107 anonimno pohranjuje informacije i dodjeljuje nasumi\u010dno generirani broj za prepoznavanje jedinstvenih posjetitelja.<\/td><\/tr><tr><td>Nekategorizirano<\/td><td>m<\/td><td>1 godina 1 mjesec 4 dana<\/td><td>Opis nije dostupan.<\/td><\/tr><tr><td>Nekategorizirano &nbsp;<\/td><td>wp_woocommerce_session_6358f522dc5edadf2dcc11fe914b9052<\/td><td>2 dana<\/td><td><img loading=\"lazy\" decoding=\"async\" width=\"32\" height=\"33\" src=\"\" alt=\"edit\">Opis trenutno nije dostupan.<\/td><\/tr><\/tbody><\/table><\/figure>\n","protected":false},"excerpt":{"rendered":"<p>Na\u0161 cilj je posjetiteljima na\u0161e web stranice uvijek pru\u017eiti svje\u017ee i relevantne informacije koje su im va\u017ene. Analiziraju\u0107i njihove interese i pretra\u017eivanja na na\u0161oj stranici, mo\u017eemo ponuditi relevantan sadr\u017eaj. Me\u0111utim, nikada prikupljene podatke ne dijelimo s tre\u0107im stranama i ne pratimo posjetitelje kao pojedince, ve\u0107 samo anonimno. \u0160to su kola\u010di\u0107i? Kola\u010di\u0107i su male datoteke koje&hellip;<\/p>\n","protected":false},"author":4,"featured_media":0,"parent":0,"menu_order":0,"comment_status":"closed","ping_status":"closed","template":"","meta":{"footnotes":""},"class_list":["post-6642","page","type-page","status-publish","hentry"],"jetpack_sharing_enabled":true,"_links":{"self":[{"href":"https:\/\/www.leny.eu\/hr\/wp-json\/wp\/v2\/pages\/6642","targetHints":{"allow":["GET"]}}],"collection":[{"href":"https:\/\/www.leny.eu\/hr\/wp-json\/wp\/v2\/pages"}],"about":[{"href":"https:\/\/www.leny.eu\/hr\/wp-json\/wp\/v2\/types\/page"}],"author":[{"embeddable":true,"href":"https:\/\/www.leny.eu\/hr\/wp-json\/wp\/v2\/users\/4"}],"replies":[{"embeddable":true,"href":"https:\/\/www.leny.eu\/hr\/wp-json\/wp\/v2\/comments?post=6642"}],"version-history":[{"count":3,"href":"https:\/\/www.leny.eu\/hr\/wp-json\/wp\/v2\/pages\/6642\/revisions"}],"predecessor-version":[{"id":6650,"href":"https:\/\/www.leny.eu\/hr\/wp-json\/wp\/v2\/pages\/6642\/revisions\/6650"}],"wp:attachment":[{"href":"https:\/\/www.leny.eu\/hr\/wp-json\/wp\/v2\/media?parent=6642"}],"curies":[{"name":"wp","href":"https:\/\/api.w.org\/{rel}","templated":true}]}}