{"id":12367,"date":"2024-10-08T13:01:24","date_gmt":"2024-10-08T13:01:24","guid":{"rendered":"https:\/\/www.leny.eu\/izdelek\/amsterdam\/"},"modified":"2024-10-08T13:01:24","modified_gmt":"2024-10-08T13:01:24","slug":"amsterdam","status":"publish","type":"product","link":"https:\/\/www.leny.eu\/hr\/proizvod\/amsterdam\/","title":{"rendered":"Amsterdam"},"content":{"rendered":"<p><strong>Tip tijela:<\/strong> s u\u017eim bokovima<\/p>\n<p><strong>Zna\u010dajke: <\/strong><\/p>\n<ul>\n<li>Meke rastezljive traperice, ostali materijali s elastinom<\/li>\n<li>Rastezljiv srednji struk<\/li>\n<li>Ravne nogavice<\/li>\n<li>4 d\u017eepa<\/li>\n<li>Aluminijske zakovice<\/li>\n<li>YKK zadrga<\/li>\n<\/ul>\n<p><strong>Materijal i njega:<\/strong><\/p>\n<ul>\n<li>Sestava: bomba\u017e 98 % in elastan 2 % (sestava tkanine lahko variira, to\u010dno sestavo najdete na v\u0161itku hla\u010d)<\/li>\n<li>Pranje na 30 <sup>\u00b0<\/sup>C (upute za odr\u017eavanje su na\u0161ivene na etiketi hla\u010da)<\/li>\n<\/ul>\n<p><strong>Dimenzije:  <\/strong><\/p>\n<p>Standardne dimenzije Leny hla\u010da mo\u017eete vidjeti u tablici. Za kupnju idealnog para hla\u010da preporu\u010damo da izmjerite dimenzije svojih omiljenih hla\u010da i svoje mjere prona\u0111ete u tablici. Stoga \u0107ete sigurno kupiti savr\u0161ene lenyske za sebe!<\/p>\n","protected":false},"excerpt":{"rendered":"<p>Leny <strong>Amsterdam<\/strong> model hla\u010da dizajniran je posebno za \u017eene u\u017eih bokova koje cijene eleganciju i sofisticiran izgled. Hla\u010de lijepo prianjaju preko bokova i imaju srednje visok struk, \u0161to osigurava udobno pristajanje i laskavu siluetu. Ravne hla\u010de dodaju klasi\u010dni \u0161tih, \u010dine\u0107i ovaj model idealnim za razne prilike &#8211; od profesionalnih sastanaka i poslovnih putovanja do opu\u0161tenih dru\u017eenja s prijateljima. Model Amsterdam savr\u0161en je izbor za \u017eene koje \u017eele spoj udobnosti i elegancije u jednom komadu, prikladnom za svaku priliku. Trgovina nudi ve\u0107i izbor materijala i boja nego \u0161to je prikazano na ovoj stranici.  <\/p>\n","protected":false},"featured_media":9916,"comment_status":"open","ping_status":"closed","template":"","meta":[],"product_brand":[],"product_cat":[272],"product_tag":[],"class_list":{"0":"post-12367","1":"product","2":"type-product","3":"status-publish","4":"has-post-thumbnail","6":"product_cat-zenske-hlace","8":"first","9":"instock","10":"taxable","11":"shipping-taxable","12":"purchasable","13":"product-type-variable","14":"has-default-attributes"},"jetpack_sharing_enabled":true,"_links":{"self":[{"href":"https:\/\/www.leny.eu\/hr\/wp-json\/wp\/v2\/product\/12367","targetHints":{"allow":["GET"]}}],"collection":[{"href":"https:\/\/www.leny.eu\/hr\/wp-json\/wp\/v2\/product"}],"about":[{"href":"https:\/\/www.leny.eu\/hr\/wp-json\/wp\/v2\/types\/product"}],"replies":[{"embeddable":true,"href":"https:\/\/www.leny.eu\/hr\/wp-json\/wp\/v2\/comments?post=12367"}],"wp:featuredmedia":[{"embeddable":true,"href":"https:\/\/www.leny.eu\/hr\/wp-json\/wp\/v2\/media\/9916"}],"wp:attachment":[{"href":"https:\/\/www.leny.eu\/hr\/wp-json\/wp\/v2\/media?parent=12367"}],"wp:term":[{"taxonomy":"product_brand","embeddable":true,"href":"https:\/\/www.leny.eu\/hr\/wp-json\/wp\/v2\/product_brand?post=12367"},{"taxonomy":"product_cat","embeddable":true,"href":"https:\/\/www.leny.eu\/hr\/wp-json\/wp\/v2\/product_cat?post=12367"},{"taxonomy":"product_tag","embeddable":true,"href":"https:\/\/www.leny.eu\/hr\/wp-json\/wp\/v2\/product_tag?post=12367"}],"curies":[{"name":"wp","href":"https:\/\/api.w.org\/{rel}","templated":true}]}}