{"id":3927,"date":"2023-04-06T08:56:22","date_gmt":"2023-04-06T08:56:22","guid":{"rendered":"https:\/\/leny.april8.org\/product\/mfp-riga\/"},"modified":"2025-01-23T09:31:35","modified_gmt":"2025-01-23T09:31:35","slug":"mfp-riga-cro","status":"publish","type":"product","link":"https:\/\/www.leny.eu\/hr\/proizvod\/mfp-riga-cro\/","title":{"rendered":"MFP RIGA"},"content":{"rendered":"<p><strong>Tip gra\u0111e:<\/strong> Svi, \u010dak i ja\u010de<\/p>\n<p><strong>Zna\u010dajke: <\/strong><\/p>\n<ul>\n<li>Bi-elasti\u010dan, lagan i mekan materijal<\/li>\n<li>Rastezljivi vi\u0161i struk<\/li>\n<li>Ravne<\/li>\n<li>Elasti\u010dni struk<\/li>\n<li>4 d\u017eepa<\/li>\n<li>Aluminijske zakovice<\/li>\n<\/ul>\n<p><strong>Materijal i njega:<\/strong><\/p>\n<ul>\n<li>90% PA, 10% Lycra\u00ae &#8211; vrhunski materijal proizveden u EU<\/li>\n<li>Pranje na 30 <sup>\u00b0<\/sup>C (upute za odr\u017eavanje su na\u0161ivene na etiketi hla\u010da)<\/li>\n<li>Ne preporu\u010damo pranje s omek\u0161iva\u010dem jer mo\u017ee uni\u0161titi funkcionalna svojstva materijala<\/li>\n<\/ul>\n<p>&nbsp;<\/p>\n<p><strong>Dimenzije:  <\/strong><\/p>\n<p>Standardne dimenzije Leny hla\u010da mo\u017eete vidjeti u tablici. Za kupnju idealnog para hla\u010da preporu\u010damo da izmjerite dimenzije svojih omiljenih hla\u010da i svoje mjere prona\u0111ete u tablici. Stoga \u0107ete sigurno kupiti savr\u0161ene lenyske za sebe!<\/p>\n<blockquote class=\"wp-embedded-content\" data-secret=\"1cMb4MwDtj\"><p><a href=\"http:\/\/leny.eu\/hr\/prilagodena-duljina-hlaca\/\">Prilago\u0111ena duljina hla\u010da<\/a><\/p><\/blockquote>\n<p><iframe loading=\"lazy\" class=\"wp-embedded-content\" sandbox=\"allow-scripts\" security=\"restricted\" style=\"position: absolute; visibility: hidden;\" title=\"&#8220;Prilago\u0111ena duljina hla\u010da&#8221; &#8212; Leny\" src=\"http:\/\/leny.eu\/hr\/prilagodena-duljina-hlaca\/embed\/#?secret=re2lDyKphT#?secret=1cMb4MwDtj\" data-secret=\"1cMb4MwDtj\" width=\"600\" height=\"338\" frameborder=\"0\" marginwidth=\"0\" marginheight=\"0\" scrolling=\"no\"><\/iframe><\/p>\n","protected":false},"excerpt":{"rendered":"<div class=\"woocommerce-product-details__short-description\">\n<p><strong>Multifunkcionalne hla\u010de<\/strong> nude savr\u0161enu kombinaciju udobnosti, stila i funkcionalnosti. Klasi\u010dan kroj (sve prednosti modela <strong>Riga<\/strong> ), izra\u0111en od premium certificiranog materijala koji se koristi i za planinarske hla\u010de, osigurava svestranost i izdr\u017eljivost. Materijal je elasti\u010dan u svim smjerovima, ne gu\u017eva se i opremljen je posebnom za\u0161titom za vodoodbojnost. Dvoslojna tkanina omogu\u0107uje optimalnu ventilaciju i udobnost tijekom cijelog dana.<\/p>\n<p>Ove hla\u010de idealne su za razne prilike, od rada u uredu i na terenu, do posebnih doga\u0111aja i le\u017eernih \u0161etnji. Odli\u010dan su izbor za izlete i putovanja na kojima trebate udobnost i prakti\u010dnost bez kompromisa.<\/p>\n<p>Sve vi\u0161enamjenske hla\u010de Leny imaju nogavice koje ne zahva\u0107aju, stoga odaberite opciju skra\u0107ivanja hla\u010da i unesite duljinu svojih hla\u010da. Na taj na\u010din \u0107emo uhvatiti i Va\u0161e hla\u010de i one \u0107e biti upravo one du\u017eine koja Vama najvi\u0161e pristaje. Za pomo\u0107 pogledajte upute za mjerenje duljine prilago\u0111enih hla\u010da.<\/p>\n<\/div>\n<p>&nbsp;<\/p>\n","protected":false},"featured_media":8111,"comment_status":"open","ping_status":"closed","template":"","meta":[],"product_brand":[],"product_cat":[197],"product_tag":[],"class_list":{"0":"post-3927","1":"product","2":"type-product","3":"status-publish","4":"has-post-thumbnail","6":"product_cat-multifunkcionalne-hlace","8":"first","9":"instock","10":"shipping-taxable","11":"purchasable","12":"product-type-variable","13":"has-default-attributes"},"jetpack_sharing_enabled":true,"_links":{"self":[{"href":"https:\/\/www.leny.eu\/hr\/wp-json\/wp\/v2\/product\/3927","targetHints":{"allow":["GET"]}}],"collection":[{"href":"https:\/\/www.leny.eu\/hr\/wp-json\/wp\/v2\/product"}],"about":[{"href":"https:\/\/www.leny.eu\/hr\/wp-json\/wp\/v2\/types\/product"}],"replies":[{"embeddable":true,"href":"https:\/\/www.leny.eu\/hr\/wp-json\/wp\/v2\/comments?post=3927"}],"wp:featuredmedia":[{"embeddable":true,"href":"https:\/\/www.leny.eu\/hr\/wp-json\/wp\/v2\/media\/8111"}],"wp:attachment":[{"href":"https:\/\/www.leny.eu\/hr\/wp-json\/wp\/v2\/media?parent=3927"}],"wp:term":[{"taxonomy":"product_brand","embeddable":true,"href":"https:\/\/www.leny.eu\/hr\/wp-json\/wp\/v2\/product_brand?post=3927"},{"taxonomy":"product_cat","embeddable":true,"href":"https:\/\/www.leny.eu\/hr\/wp-json\/wp\/v2\/product_cat?post=3927"},{"taxonomy":"product_tag","embeddable":true,"href":"https:\/\/www.leny.eu\/hr\/wp-json\/wp\/v2\/product_tag?post=3927"}],"curies":[{"name":"wp","href":"https:\/\/api.w.org\/{rel}","templated":true}]}}