{"id":5772,"date":"2023-04-28T08:27:48","date_gmt":"2023-04-28T08:27:48","guid":{"rendered":"https:\/\/leny.april8.org\/?page_id=5772"},"modified":"2023-05-04T11:55:22","modified_gmt":"2023-05-04T11:55:22","slug":"varstvo-osebnih-podatkov","status":"publish","type":"page","link":"https:\/\/www.leny.eu\/sl\/varstvo-osebnih-podatkov\/","title":{"rendered":"Varstvo osebnih podatkov"},"content":{"rendered":"\n<p>Ko se prijavite na na\u0161e elektronske novice, izjavljate, da razumete in se strinjate z naslednjimi trditvami, ki so skladne s trenutno veljavno zakonodajo o varstvu osebnih podatkov (GDPR in ZVPot-1), in da dajete izrecno privolitev za obdelavo svojih osebnih podatkov za namene prejemanja splo\u0161nih novic. Kot upravljalec osebnih podatkov za to spletno stran je Gomstar d.o.o. zavezan, da bo ravnal z va\u0161imi osebnimi podatki odgovorno in v skladu z zakonodajo.<\/p>\n\n\n\n<p>Va\u0161e osebne podatke, ki jih zbiramo ob va\u0161i prijavi na novice, vklju\u010dujejo va\u0161e ime, priimek in elektronski naslov, ki ga bomo uporabljali izklju\u010dno za po\u0161iljanje novic po elektronski po\u0161ti. Ne bomo uporabljali drugih komunikacijskih kanalov za obve\u0161\u010danje o novicah, kot so SMS-i, telefonski klici ali po\u0161tni naslovi. Va\u0161i osebni podatki bodo obdelani zgolj za namene obve\u0161\u010danja o splo\u0161nih novicah, dokler ne prekli\u010dete svoje privolitve.<\/p>\n\n\n\n<p>Poleg tega imate pravico do dostopa, popravka, izbrisa, omejitve obdelave, prenosljivosti in ugovora v zvezi z va\u0161imi osebnimi podatki, kar lahko storite na isti na\u010din, kot ste dali svojo privolitev. \u010ce \u017eelite preklicati uporabo svojih osebnih podatkov ali se \u017eelite prito\u017eiti glede njihove obdelave, lahko to storite v preko e-po\u0161te na <a href=\"mailto:info@leny.eu\">info@leny.eu<\/a>.<\/p>\n\n\n\n<p>Zavezujemo se, da bomo va\u0161e osebne podatke upravljali in obdelovali zgolj v okviru obve\u0161\u010danja o splo\u0161nih novicah po elektronski po\u0161ti do preklica privolitve. Vsak posameznik lahko v vsakem trenutku prekli\u010de uporabo svojih osebnih podatkov na isti na\u010din kot je bila privolitev za obdelavo dana. \u010ce boste \u017eeleli preklicati svojo privolitev, bo va\u0161a e-po\u0161ta izbrisana iz seznama prejemnikov novic.<\/p>\n\n\n\n<p>Smo odgovorni za upravljanje in varovanje va\u0161ih osebnih podatkov, zato bomo va\u0161e podatke hranili varno in zaupno. Va\u0161i osebni podatki ne bodo deljeni z drugimi organizacijami.<\/p>\n","protected":false},"excerpt":{"rendered":"<p>Ko se prijavite na na\u0161e elektronske novice, izjavljate, da razumete in se strinjate z naslednjimi trditvami, ki so skladne s trenutno veljavno zakonodajo o varstvu osebnih podatkov (GDPR in ZVPot-1), in da dajete izrecno privolitev za obdelavo svojih osebnih podatkov za namene prejemanja splo\u0161nih novic. Kot upravljalec osebnih podatkov za to spletno stran je Gomstar&hellip;<\/p>\n","protected":false},"author":4,"featured_media":0,"parent":0,"menu_order":0,"comment_status":"closed","ping_status":"closed","template":"","meta":{"footnotes":""},"class_list":["post-5772","page","type-page","status-publish","hentry"],"jetpack_sharing_enabled":true,"_links":{"self":[{"href":"https:\/\/www.leny.eu\/sl\/wp-json\/wp\/v2\/pages\/5772","targetHints":{"allow":["GET"]}}],"collection":[{"href":"https:\/\/www.leny.eu\/sl\/wp-json\/wp\/v2\/pages"}],"about":[{"href":"https:\/\/www.leny.eu\/sl\/wp-json\/wp\/v2\/types\/page"}],"author":[{"embeddable":true,"href":"https:\/\/www.leny.eu\/sl\/wp-json\/wp\/v2\/users\/4"}],"replies":[{"embeddable":true,"href":"https:\/\/www.leny.eu\/sl\/wp-json\/wp\/v2\/comments?post=5772"}],"version-history":[{"count":2,"href":"https:\/\/www.leny.eu\/sl\/wp-json\/wp\/v2\/pages\/5772\/revisions"}],"predecessor-version":[{"id":6277,"href":"https:\/\/www.leny.eu\/sl\/wp-json\/wp\/v2\/pages\/5772\/revisions\/6277"}],"wp:attachment":[{"href":"https:\/\/www.leny.eu\/sl\/wp-json\/wp\/v2\/media?parent=5772"}],"curies":[{"name":"wp","href":"https:\/\/api.w.org\/{rel}","templated":true}]}}