{"id":15555,"date":"2025-12-31T10:45:30","date_gmt":"2025-12-31T10:45:30","guid":{"rendered":"https:\/\/www.leny.eu\/?post_type=product&#038;p=15555"},"modified":"2026-01-10T10:08:35","modified_gmt":"2026-01-10T10:08:35","slug":"riga-zamet-2","status":"publish","type":"product","link":"https:\/\/www.leny.eu\/sl\/izdelek\/riga-zamet-2\/","title":{"rendered":"RIGA \u017dAMET"},"content":{"rendered":"<p><strong>Tip postave:<\/strong> vse, tudi mo\u010dnej\u0161e<\/p>\n<p><strong>Lastnosti: <\/strong><\/p>\n<ul>\n<li>Prijeten, fino rebrast \u017eamet<\/li>\n<li>Raztegljiv vi\u0161ji pas<\/li>\n<li>Ravne<\/li>\n<li>Elastika v pasu<\/li>\n<li>4 \u017eepi<\/li>\n<li>zadrga<\/li>\n<\/ul>\n<p><strong>Material &amp; nega:<\/strong><\/p>\n<ul>\n<li>Sestava: bomba\u017e 98 % in elastan 2 %, vrhunski \u017eamet evropskega dobavitelja<\/li>\n<li>Pranje na 30 <sup>o<\/sup>C (navodila za nego so v\u0161ita na etiketi hla\u010d)<\/li>\n<\/ul>\n<p>&nbsp;<\/p>\n<p><strong>Dimenzije:\u00a0<\/strong><\/p>\n<p>Standardne dimenzije Leny hla\u010d si lahko ogledate v tabeli. Za nakup idealnega para hla\u010d priporo\u010damo, da izmerite dimenzije va\u0161ih najljub\u0161ih hla\u010d in v tabeli poi\u0161\u010dete svoje mere. Tako boste zagotovo kupili popolne lenyske zase!<\/p>\n<p>&nbsp;<\/p>\n<blockquote class=\"wp-embedded-content\" data-secret=\"TfLTTdNKpR\"><p><a href=\"https:\/\/www.leny.eu\/sl\/hlace-po-meri\/\">Hla\u010de po meri<\/a><\/p><\/blockquote>\n<p><iframe loading=\"lazy\" class=\"wp-embedded-content\" sandbox=\"allow-scripts\" security=\"restricted\" style=\"position: absolute; visibility: hidden;\" title=\"&#8220;Hla\u010de po meri&#8221; &#8212; Leny\" src=\"https:\/\/www.leny.eu\/sl\/hlace-po-meri\/embed\/#?secret=fZ310kuvGs#?secret=TfLTTdNKpR\" data-secret=\"TfLTTdNKpR\" width=\"600\" height=\"338\" frameborder=\"0\" marginwidth=\"0\" marginheight=\"0\" scrolling=\"no\"><\/iframe><\/p>\n","protected":false},"excerpt":{"rendered":"<p data-start=\"177\" data-end=\"252\"><strong data-start=\"177\" data-end=\"252\">Model Riga \u017damet \u2013 \u017eametne \u017eenske hla\u010de za popolno udobje in eleganten videz.<\/strong><\/p>\n<p data-start=\"254\" data-end=\"481\">Model Riga je izjemno udoben in vsestranski kos obla\u010dila, zdaj na voljo tudi v prefinjeni \u017eametni izvedbi. Izdelan je iz vrhunskega bomba\u017ea z dodatkom elastana, kar zagotavlja mehkobo, toplino in prijeten ob\u010dutek pri no\u0161enju.<\/p>\n<p data-start=\"483\" data-end=\"720\">Naravni bomba\u017eni \u017eamet pozimi prijetno greje, hkrati pa omogo\u010da dihanje ko\u017ee, zato so hla\u010de udobne tudi v prehodnih obdobjih. Ozek, fin \u017eamet daje modelu eleganten in \u017eenstven videz, primeren tako za vsakdan kot bolj urejene prilo\u017enosti.<\/p>\n<p data-start=\"722\" data-end=\"1029\">Visok pas z v\u0161ito elastiko v pasu zagotavlja odli\u010dno prileganje in udobje skozi ves dan. Pas je zasnovan tako, da omogo\u010da no\u0161enje dodatnega pasu po va\u0161i izbiri. Ravne hla\u010dnice dodajo pridih elegance in brez\u010dasnosti, zaradi \u010desar so hla\u010de primerne za slu\u017ebo, spro\u0161\u010dene sprehode ali dru\u017eenje s prijateljicami.<\/p>\n<p data-start=\"1031\" data-end=\"1168\">Model Riga je eden najbolj priljubljenih \u017eenskih modelov in nepogre\u0161ljiv kos vsake garderobe \u2013 \u0161e posebej v topli, mehki \u017eametni izvedbi.<\/p>\n","protected":false},"featured_media":16011,"comment_status":"open","ping_status":"closed","template":"","meta":[],"product_brand":[],"product_cat":[97],"product_tag":[],"class_list":{"0":"post-15555","1":"product","2":"type-product","3":"status-publish","4":"has-post-thumbnail","6":"product_cat-zenski-modeli","8":"first","9":"instock","10":"taxable","11":"shipping-taxable","12":"purchasable","13":"product-type-variable"},"jetpack_sharing_enabled":true,"_links":{"self":[{"href":"https:\/\/www.leny.eu\/sl\/wp-json\/wp\/v2\/product\/15555","targetHints":{"allow":["GET"]}}],"collection":[{"href":"https:\/\/www.leny.eu\/sl\/wp-json\/wp\/v2\/product"}],"about":[{"href":"https:\/\/www.leny.eu\/sl\/wp-json\/wp\/v2\/types\/product"}],"replies":[{"embeddable":true,"href":"https:\/\/www.leny.eu\/sl\/wp-json\/wp\/v2\/comments?post=15555"}],"wp:featuredmedia":[{"embeddable":true,"href":"https:\/\/www.leny.eu\/sl\/wp-json\/wp\/v2\/media\/16011"}],"wp:attachment":[{"href":"https:\/\/www.leny.eu\/sl\/wp-json\/wp\/v2\/media?parent=15555"}],"wp:term":[{"taxonomy":"product_brand","embeddable":true,"href":"https:\/\/www.leny.eu\/sl\/wp-json\/wp\/v2\/product_brand?post=15555"},{"taxonomy":"product_cat","embeddable":true,"href":"https:\/\/www.leny.eu\/sl\/wp-json\/wp\/v2\/product_cat?post=15555"},{"taxonomy":"product_tag","embeddable":true,"href":"https:\/\/www.leny.eu\/sl\/wp-json\/wp\/v2\/product_tag?post=15555"}],"curies":[{"name":"wp","href":"https:\/\/api.w.org\/{rel}","templated":true}]}}