{"id":7336,"date":"2023-07-10T14:18:36","date_gmt":"2023-07-10T14:18:36","guid":{"rendered":"https:\/\/www.leny.eu\/?post_type=product&#038;p=7336"},"modified":"2026-03-11T12:34:28","modified_gmt":"2026-03-11T12:34:28","slug":"jure-2","status":"publish","type":"product","link":"https:\/\/www.leny.eu\/sl\/izdelek\/jure-2\/","title":{"rendered":"JURE"},"content":{"rendered":"<p><strong>Tip postave:<\/strong> vse<\/p>\n<p><strong>Lastnosti:<\/strong><\/p>\n<ul>\n<li>Mehak stretch jeans, vrhunske kakovosti<\/li>\n<li>Klasi\u010dni kroj s povi\u0161anim pasom zagotavlja, da hla\u010de ostanejo na svojem mestu tudi ob gibanju<\/li>\n<li>Ravne hla\u010dnice, ki so \u0161ir\u0161e v stegnih<\/li>\n<\/ul>\n<p><strong>Ostale podrobnosti:<\/strong><\/p>\n<ul>\n<li>5 \u017eepov<\/li>\n<li>Zakovice aluminij<\/li>\n<li>YKK zadrga<\/li>\n<\/ul>\n<p><strong>Material &amp; nega:<\/strong><\/p>\n<ul>\n<li>Sestava: 98% bomba\u017e in 2% elastan (sestava tkanine lahko variira, to\u010dno sestavo najdete na v\u0161itku hla\u010d)<\/li>\n<li>Pranje na 30 oC (navodila za nego so v\u0161ita na etiketi hla\u010d)<\/li>\n<li>dejanska barva izdelka se lahko minimalno razlikuje od slike izdelka<\/li>\n<\/ul>\n<p>&nbsp;<\/p>\n<p><strong>Dimenzije:\u00a0<\/strong><\/p>\n<p>Standardne dimenzije Leny hla\u010d si lahko ogledate v tabeli. Za nakup idealnega para hla\u010d priporo\u010damo, da izmerite dimenzije va\u0161ih najljub\u0161ih hla\u010d in v tabeli poi\u0161\u010dete svoje mere. Tako boste zagotovo kupili popolne lenyske zase!<\/p>\n<blockquote class=\"wp-embedded-content\" data-secret=\"YLQZuacixd\"><p><a href=\"https:\/\/www.leny.eu\/sl\/hlace-po-meri\/\">Hla\u010de po meri<\/a><\/p><\/blockquote>\n<p><iframe loading=\"lazy\" class=\"wp-embedded-content\" sandbox=\"allow-scripts\" security=\"restricted\" style=\"position: absolute; visibility: hidden;\" title=\"&#8220;Hla\u010de po meri&#8221; &#8212; Leny\" src=\"https:\/\/www.leny.eu\/sl\/hlace-po-meri\/embed\/#?secret=jcHDceRlGQ#?secret=YLQZuacixd\" data-secret=\"YLQZuacixd\" width=\"600\" height=\"338\" frameborder=\"0\" marginwidth=\"0\" marginheight=\"0\" scrolling=\"no\"><\/iframe><\/p>\n<p>&nbsp;<\/p>\n","protected":false},"excerpt":{"rendered":"<p>Odkrijte najbolj prodajani mo\u0161ki model hla\u010d <strong>Jure.<\/strong><\/p>\n<p>\u010ce prisegate na brez\u010dasno klasiko, vendar \u017eelite nekaj sodobnega, so te hla\u010de prava izbira za vas.<\/p>\n<p>Zasnovane so z mislijo na va\u0161o udobje: visok in zadaj povi\u0161an pas zagotavlja, da hla\u010de ostanejo na mestu, tudi ko se pripognete. Ravne hla\u010dnice, za udobje med hojo, vo\u017enjo, za delo na terenu ali v pisarni.<\/p>\n<p>Preplet elegance in trpe\u017enosti, ki ga ponuja material, je popoln za tiste, ki cenijo kakovost in stil. Vsak detajl je skrbno premi\u0161ljen, da se boste v teh hla\u010dah po\u010dutili samozavestno in modno.<\/p>\n<p>V prodajalni je na voljo ve\u010dja izbira materalov in barv, kot je predstavljena na tej strani.<\/p>\n","protected":false},"featured_media":9051,"comment_status":"open","ping_status":"closed","template":"","meta":[],"product_brand":[],"product_cat":[96],"product_tag":[],"class_list":{"0":"post-7336","1":"product","2":"type-product","3":"status-publish","4":"has-post-thumbnail","6":"product_cat-moski-modeli","8":"first","9":"instock","10":"taxable","11":"shipping-taxable","12":"purchasable","13":"product-type-variable"},"jetpack_sharing_enabled":true,"_links":{"self":[{"href":"https:\/\/www.leny.eu\/sl\/wp-json\/wp\/v2\/product\/7336","targetHints":{"allow":["GET"]}}],"collection":[{"href":"https:\/\/www.leny.eu\/sl\/wp-json\/wp\/v2\/product"}],"about":[{"href":"https:\/\/www.leny.eu\/sl\/wp-json\/wp\/v2\/types\/product"}],"replies":[{"embeddable":true,"href":"https:\/\/www.leny.eu\/sl\/wp-json\/wp\/v2\/comments?post=7336"}],"wp:featuredmedia":[{"embeddable":true,"href":"https:\/\/www.leny.eu\/sl\/wp-json\/wp\/v2\/media\/9051"}],"wp:attachment":[{"href":"https:\/\/www.leny.eu\/sl\/wp-json\/wp\/v2\/media?parent=7336"}],"wp:term":[{"taxonomy":"product_brand","embeddable":true,"href":"https:\/\/www.leny.eu\/sl\/wp-json\/wp\/v2\/product_brand?post=7336"},{"taxonomy":"product_cat","embeddable":true,"href":"https:\/\/www.leny.eu\/sl\/wp-json\/wp\/v2\/product_cat?post=7336"},{"taxonomy":"product_tag","embeddable":true,"href":"https:\/\/www.leny.eu\/sl\/wp-json\/wp\/v2\/product_tag?post=7336"}],"curies":[{"name":"wp","href":"https:\/\/api.w.org\/{rel}","templated":true}]}}