{"id":917,"date":"2023-03-23T12:05:22","date_gmt":"2023-03-23T12:05:22","guid":{"rendered":"https:\/\/leny.april8.org\/?post_type=product&#038;p=917"},"modified":"2025-12-31T09:57:00","modified_gmt":"2025-12-31T09:57:00","slug":"nikolas","status":"publish","type":"product","link":"https:\/\/www.leny.eu\/sl\/izdelek\/nikolas\/","title":{"rendered":"NIKOLAS"},"content":{"rendered":"<p><strong>Tip postave:<\/strong> srednja in suha postava<\/p>\n<p><strong>Lastnosti: <\/strong><\/p>\n<ul>\n<li>Mehak stretch jeans, drugi materiali z elastanom<\/li>\n<li>Moden kroj hla\u010d z o\u017ejimi hla\u010dnicami in klasi\u010dno vi\u0161ino pasu<\/li>\n<li>Hla\u010dnice, ki so zo\u017eene v stegnih lepo pristajajo tudi suhim in vi\u0161jim postavam<\/li>\n<\/ul>\n<p><strong>Ostale podrobnosti: <\/strong><\/p>\n<ul>\n<li>5 \u017eepov<\/li>\n<li>Zakovice aluminij<\/li>\n<li>YKK<\/li>\n<\/ul>\n<p><strong>Material &amp; nega: <\/strong><\/p>\n<ul>\n<li>Sestava: 98 % bomba\u017e in 2 % elastan (sestava tkanine lahko variira, to\u010dno sestavo najdete na v\u0161itku hla\u010d)<\/li>\n<li>Pranje na 30 <sup>o<\/sup>C (navodila za nego so v\u0161ita na etiketi hla\u010d)<\/li>\n<\/ul>\n<p>&nbsp;<\/p>\n<p><strong>Dimenzije:\u00a0<\/strong><\/p>\n<p>Standardne dimenzije Leny hla\u010d si lahko ogledate v tabeli. Za nakup idealnega para hla\u010d priporo\u010damo, da izmerite dimenzije va\u0161ih najljub\u0161ih hla\u010d in v tabeli poi\u0161\u010dete svoje mere. Tako boste zagotovo kupili popolne lenyske zase!<\/p>\n<blockquote class=\"wp-embedded-content\" data-secret=\"1saCThedhE\"><p><a href=\"https:\/\/www.leny.eu\/sl\/hlace-po-meri\/\">Hla\u010de po meri<\/a><\/p><\/blockquote>\n<p><iframe loading=\"lazy\" class=\"wp-embedded-content\" sandbox=\"allow-scripts\" security=\"restricted\" style=\"position: absolute; visibility: hidden;\" title=\"&#8220;Hla\u010de po meri&#8221; &#8212; Leny\" src=\"https:\/\/www.leny.eu\/sl\/hlace-po-meri\/embed\/#?secret=FPH2aCKF5A#?secret=1saCThedhE\" data-secret=\"1saCThedhE\" width=\"600\" height=\"338\" frameborder=\"0\" marginwidth=\"0\" marginheight=\"0\" scrolling=\"no\"><\/iframe><\/p>\n","protected":false},"excerpt":{"rendered":"<p>Sem Nikolas, klasi\u010dno modern tip, ki ga lahko peljete s sabo na sestanek ali na zabavo. Z mano ne boste nikoli v (stilski) zadregi. Izberite me, \u010de imate radi o\u017eje (vendar ne oprijete!) hla\u010dnice, z ni\u017ejim pasom.<\/p>\n","protected":false},"featured_media":7627,"comment_status":"open","ping_status":"closed","template":"","meta":[],"product_brand":[],"product_cat":[96],"product_tag":[],"class_list":{"0":"post-917","1":"product","2":"type-product","3":"status-publish","4":"has-post-thumbnail","6":"product_cat-moski-modeli","8":"first","9":"instock","10":"taxable","11":"shipping-taxable","12":"purchasable","13":"product-type-variable"},"jetpack_sharing_enabled":true,"_links":{"self":[{"href":"https:\/\/www.leny.eu\/sl\/wp-json\/wp\/v2\/product\/917","targetHints":{"allow":["GET"]}}],"collection":[{"href":"https:\/\/www.leny.eu\/sl\/wp-json\/wp\/v2\/product"}],"about":[{"href":"https:\/\/www.leny.eu\/sl\/wp-json\/wp\/v2\/types\/product"}],"replies":[{"embeddable":true,"href":"https:\/\/www.leny.eu\/sl\/wp-json\/wp\/v2\/comments?post=917"}],"wp:featuredmedia":[{"embeddable":true,"href":"https:\/\/www.leny.eu\/sl\/wp-json\/wp\/v2\/media\/7627"}],"wp:attachment":[{"href":"https:\/\/www.leny.eu\/sl\/wp-json\/wp\/v2\/media?parent=917"}],"wp:term":[{"taxonomy":"product_brand","embeddable":true,"href":"https:\/\/www.leny.eu\/sl\/wp-json\/wp\/v2\/product_brand?post=917"},{"taxonomy":"product_cat","embeddable":true,"href":"https:\/\/www.leny.eu\/sl\/wp-json\/wp\/v2\/product_cat?post=917"},{"taxonomy":"product_tag","embeddable":true,"href":"https:\/\/www.leny.eu\/sl\/wp-json\/wp\/v2\/product_tag?post=917"}],"curies":[{"name":"wp","href":"https:\/\/api.w.org\/{rel}","templated":true}]}}